{"id":4495,"date":"2024-07-17T10:09:52","date_gmt":"2024-07-17T10:09:52","guid":{"rendered":"https:\/\/equitas.site\/juridiske-oplysninger-og-brugsbetingelser\/"},"modified":"2024-09-15T22:33:31","modified_gmt":"2024-09-15T22:33:31","slug":"juridiske-oplysninger-og-brugsbetingelser","status":"publish","type":"page","link":"https:\/\/equitas.site\/da\/juridiske-oplysninger-og-brugsbetingelser\/","title":{"rendered":"Juridiske oplysninger og brugsbetingelser"},"content":{"rendered":"\n<h3 class=\"wp-block-heading\">1. Oplysninger om udgiver<\/h3>\n\n<p><br\/><br\/><br\/><br\/><br\/>V<strong>irksomhedens navn:<\/strong> Agir d\u00e9fendre contre le racisme et l&#8217;islamophobie<strong>Adresse:<\/strong> 10 boulevard de l&#8217;Empereur, 1000 Bruxelles &#8211; Belgien<strong>Telefonnummer:<\/strong> +32 2 315 11 10<strong>E-mailadresse<\/strong><strong>:<\/strong> contact@equitas.site<strong>Juridisk form:<\/strong> ASBL (Association Sans But Lucratif)<strong>Virksomhedens registreringsnummer<\/strong><strong>:<\/strong> BE 0760.873.740<\/p>\n\n<h3 class=\"wp-block-heading\">2. Oplysninger om v\u00e6rten<\/h3>\n\n<p><br\/>V<strong>\u00e6rtens navn:<\/strong> Contabo GmbH<strong>Adresse:<\/strong> Aschauer Strasse 32a, 81549 M\u00fcnchen, Tyskland<\/p>\n\n<h3 class=\"wp-block-heading\">3. Direkt\u00f8r for udgivelse<\/h3>\n\n<p><strong>Navn:<\/strong> Jean-Jacques Megaides<\/p>\n\n<h3 class=\"wp-block-heading\">4. Generelle vilk\u00e5r og betingelser for brug (GTCU)<\/h3>\n\n<h4 class=\"wp-block-heading\">Generelle vilk\u00e5r og betingelser for d\u00e6kning af Equitas<\/h4>\n\n<p>Equitas&#8217; juridiske afdeling giver gratis information, r\u00e5dgivning og hj\u00e6lp til klagere, der mener, at de er ofre for diskrimination i forbindelse med islamofobi, dvs. alle diskriminations- og voldshandlinger p\u00e5 grund af reelt eller formodet medlemskab af den muslimske religion, som er fastsat og straffet ved lov.<\/p>\n\n<p>Den henvisende part er den person, der kontakter Equitas elektronisk eller telefonisk for at f\u00e5 oplysninger om sine rettigheder med en anmodning, der er relateret til den ovenfor beskrevne situation med diskrimination.<\/p>\n\n<p>Equitas kan kun gribe ind efter en direkte henvisning fra en person, der mener, at han eller hun er offer for diskrimination og indvilliger i at afsl\u00f8re sin identitet.\nEquitas griber ikke ind p\u00e5 baggrund af anonyme indberetninger. <\/p>\n\n<p>P\u00e5 grund af det store antal anmodninger, som Equitas modtager, og p\u00e5 trods af at Equitas g\u00f8r sit bedste for at st\u00f8tte de ofre, der henvender sig, vil ans\u00f8gninger fra ans\u00f8gere, der har registreret sig hos Equitas&#8217; partnere, blive prioriteret.<\/p>\n\n<p><strong>ER DET AFTALT SOM F\u00d8LGER:<\/strong><\/p>\n\n<p><strong>Artikel 1:<\/strong> Til geng\u00e6ld for Equitas&#8217; tjenester forpligter den henvisende part sig til at give den juridiske afdeling alle oplysninger, dokumenter eller andre elementer, der kan v\u00e6re nyttige for en hurtig og effektiv behandling af anmodningen og l\u00f8sning af tvisten inden for rammerne af foreningens aktiviteter.\nHvis disse elementer ikke leveres inden for 48 timer, kan Equitas afslutte sin behandling af sagen uden forudg\u00e5ende varsel.\nDen henvisende part er ogs\u00e5 forpligtet til at informere Equitas om enhver udvikling i sagen eller om eventuelle nye dokumenter eller oplysninger, der m\u00e5tte fremkomme som f\u00f8lge af sagen.\nDen henvisende part er ogs\u00e5 forpligtet til p\u00e5 forh\u00e5nd at informere Equitas om ethvert skridt, der tages p\u00e5 eget initiativ, is\u00e6r hvis den har henvist sagen til andre organer eller strukturer.\nHvis den henvisende part tager skridt uden at informere Equitas p\u00e5 forh\u00e5nd eller uden at s\u00f8ge juridisk r\u00e5dgivning fra Equitas, frasiger foreningen sig ethvert ansvar for de konsekvenser, der m\u00e5tte opst\u00e5.    <\/p>\n\n<p>Ans\u00f8gere kan skrive til os p\u00e5 contact@equitas.site for at f\u00f8lge udviklingen i deres sag eller sende os eventuelle klager.<\/p>\n\n<p>I hele sin kontakt med Equitas er rekvirenten forpligtet til at v\u00e6re h\u00f8flig over for foreningens personale.\nHvis de grundl\u00e6ggende regler for korrekthed ikke overholdes, kan foreningen til enhver tid afbryde al kontakt med rekvirenten. <\/p>\n\n<p>Appellanten forpligter sig ogs\u00e5 til ikke at videregive telefonnummeret eller e-mailadressen p\u00e5 den advokat, der er ansvarlig for hans\/hendes sag, til en tredjepart uden hans\/hendes forudg\u00e5ende samtykke.<\/p>\n\n<p><strong>Artikel 2:<\/strong> Equitas garanterer fortroligheden af de oplysninger og dokumenter, som den henvisende part meddeler Equitas.\nAlle dokumenter, som Equitas meddeler den henvisende part, samt alle elektroniske udvekslinger med Equitas, is\u00e6r ved at overf\u00f8re e-mails udarbejdet af advokater, m\u00e5 ikke videregives til tredjeparter eller offentligg\u00f8res p\u00e5 sociale netv\u00e6rk eller andre medier, da Equitas ellers vil blive holdt ansvarlig.\nI tilf\u00e6lde af at den henvisende part har henvist en sag til en anden struktur (forening, administrativ myndighed osv.), skal han\/hun straks informere Equitas, uanset om denne henvisning blev foretaget f\u00f8r eller efter Equitas overtog sagen. Equitas vil derefter beslutte, om de vil forts\u00e6tte deres bistand eller ej.  <\/p>\n\n<p><strong>Artikel 3:<\/strong> Hvis en anden forening \u00f8nsker at intervenere sammen med den henvisende part, skal denne straks informere Equitas, som i samr\u00e5d med den henvisende part beslutter, om den vil reagere positivt eller ej.<\/p>\n\n<p><strong>Artikel 4:<\/strong> I tilf\u00e6lde af et ugunstigt resultat og uenighed med den henvisende part, og hvis der ikke findes en mindelig l\u00f8sning, finder bestemmelserne i artikel 17 anvendelse.<\/p>\n\n<p><strong>Artikel 5:<\/strong> Henvisning til en advokat kan kun ske efter en juridisk unders\u00f8gelse af den henvisende parts sag.\nEfter denne gennemgang vil den juridiske afdeling beslutte, om den henvisende part skal henvises til en af advokaterne i Equitas-netv\u00e6rket eller ej. <\/p>\n\n<p><strong>Artikel 6:<\/strong> Hvis den henvisende part \u00f8nsker at opgive enhver handling, der har til form\u00e5l at genoprette hans\/hendes rettigheder, skal han\/hun straks underrette den juridiske afdeling, som vil lukke hans\/hendes sag.<\/p>\n\n<p><strong>Artikel 7:<\/strong> N\u00e5r den henvisende part s\u00e6ttes i kontakt med advokaten, indleder han\/hun et klient\/advokat-forhold.\nSom f\u00f8lge heraf aftaler han\/hun med sin advokat st\u00f8rrelsen af honoraret for sidstn\u00e6vntes tjenester.\nDen beslagl\u00e6ggende part skal dog fortsat holde Equitas&#8217; juridiske afdeling regelm\u00e6ssigt informeret om sagens forl\u00f8b og om eventuelle nye handlinger eller procedurer, der iv\u00e6rks\u00e6ttes.  <\/p>\n\n<p><strong>Artikel 8:<\/strong> N\u00e5r den henvisende part beslutter at offentligg\u00f8re sin sag direkte eller gennem medierne og\/eller ethvert andet kommunikationsmedie, herunder n\u00e5r denne beslutning tr\u00e6ffes efter aftale med hans eller hendes advokat, skal han eller hun straks informere Equitas og inddrage Equitas i denne handling, f\u00f8r den foretages.\nI modsat fald vil Equitas tr\u00e6kke sig ud af sagen uden forudg\u00e5ende varsel. <\/p>\n\n<p><strong>Artikel 9:<\/strong> Ved at tilslutte sig dette dokument accepterer den henvisende part, at advokaten kan meddele Equitas de handlinger, der er udf\u00f8rt i forbindelse med ovenn\u00e6vnte tvist, uden at det ber\u00f8rer den tavshedspligt, som advokaten er underlagt.<\/p>\n\n<p><strong>Artikel 10:<\/strong> Ved at ratificere dette dokument forpligter den henvisende part sig til at fremsende ethvert dokument, der direkte eller indirekte vedr\u00f8rer den sag, som advokaten har f\u00e5et til opgave at f\u00f8re, og som er genstand for dette dokument, og garanterer, at de dokumenter, der fremsendes til advokaten, er indhentet p\u00e5 en retf\u00e6rdig og lovlig m\u00e5de.<\/p>\n\n<p><strong>Artikel 11:<\/strong> Appellanten vil blive modtaget af advokaten i overensstemmelse med de betingelser, der er aftalt med hans\/hendes advokat.\nHvis han\/hun er forhindret i at m\u00f8de op, skal han\/hun underrette advokaten pr. telefon, fax, e-mail eller post 48 timer f\u00f8r m\u00f8det. <\/p>\n\n<p><strong>Artikel 12:<\/strong> Den beslagl\u00e6ggende part skal afholde sig fra at freml\u00e6gge et dokument i retten eller for en tredjepart, som han\/hun ikke f\u00f8rst har forelagt advokaten.<\/p>\n\n<p><strong>Artikel 13:<\/strong> I tilf\u00e6lde af uenighed med advokaten skal han\/hun straks informere Equitas&#8217; juridiske afdeling, som kan fungere som m\u00e6gler, uden at v\u00e6re bundet af nogen resultatforpligtelse.<\/p>\n\n<p><strong>Artikel 14:<\/strong> Hvis den henvisende part har til hensigt frivilligt at erstatte sin oprindelige r\u00e5dgiver med en anden advokat eller en anden person, skal han eller hun straks informere advokaten og Equitas&#8217; juridiske afdeling og skal forblive bundet af de kontraktlige betingelser, der er fastlagt i dette tilf\u00e6lde af den aftale, som han eller hun vil have ratificeret.<\/p>\n\n<p><strong>Artikel 15:<\/strong> Enhver bestemmelse i dette dokument, der kan fortolkes som v\u00e6rende i modstrid med eller tvetydig i forhold til bestemmelserne i den honoraraftale, der er indg\u00e5et med advokaten, har ikke forrang for sidstn\u00e6vnte.<\/p>\n\n<p><strong>Artikel 16:<\/strong> Appellanten informeres hermed om, at ethvert svigt fra advokatens side, der skyldes en ekstern og\/eller uoverstigelig faktor for advokaten og\/eller Equitas, ikke kan g\u00f8res g\u00e6ldende over for foreningen, og sidstn\u00e6vnte kan ikke holdes ansvarlig.<\/p>\n\n<p><strong>Artikel 17:<\/strong> Den henvisende part informeres hermed om, at enhver tvist, der opst\u00e5r mellem ham\/hende og Equitas, i mangel af en mindelig l\u00f8sning vil resultere i en automatisk og uformel afvisning af hans\/hendes sag.<\/p>\n","protected":false},"excerpt":{"rendered":"<p>1. Oplysninger om udgiver Virksomhedens navn: Agir d\u00e9fendre contre le racisme et l&#8217;islamophobieAdresse: 10 boulevard de l&#8217;Empereur, 1000 Bruxelles &#8211; BelgienTelefonnummer: +32 2 315 11 10E-mailadresse: contact@equitas.siteJuridisk form: ASBL (Association Sans But Lucratif)Virksomhedens registreringsnummer: BE 0760.873.740 2. Oplysninger om v\u00e6rten V\u00e6rtens navn: Contabo GmbHAdresse: Aschauer Strasse 32a, 81549 M\u00fcnchen, Tyskland 3. Direkt\u00f8r for udgivelse Navn: [&hellip;]<\/p>\n","protected":false},"author":1,"featured_media":0,"parent":0,"menu_order":0,"comment_status":"closed","ping_status":"closed","template":"","meta":{"footnotes":""},"class_list":["post-4495","page","type-page","status-publish","hentry"],"yoast_head":"<!-- This site is optimized with the Yoast SEO plugin v27.1.1 - https:\/\/yoast.com\/product\/yoast-seo-wordpress\/ -->\n<title>Juridiske oplysninger og brugsbetingelser - Equitas<\/title>\n<meta name=\"robots\" content=\"index, follow, max-snippet:-1, max-image-preview:large, max-video-preview:-1\" \/>\n<link rel=\"canonical\" href=\"https:\/\/equitas.site\/da\/juridiske-oplysninger-og-brugsbetingelser\/\" \/>\n<meta property=\"og:locale\" content=\"da_DK\" \/>\n<meta property=\"og:type\" content=\"article\" \/>\n<meta property=\"og:title\" content=\"Juridiske oplysninger og brugsbetingelser - Equitas\" \/>\n<meta property=\"og:description\" content=\"1. Oplysninger om udgiver Virksomhedens navn: Agir d\u00e9fendre contre le racisme et l&#8217;islamophobieAdresse: 10 boulevard de l&#8217;Empereur, 1000 Bruxelles &#8211; BelgienTelefonnummer: +32 2 315 11 10E-mailadresse: contact@equitas.siteJuridisk form: ASBL (Association Sans But Lucratif)Virksomhedens registreringsnummer: BE 0760.873.740 2. Oplysninger om v\u00e6rten V\u00e6rtens navn: Contabo GmbHAdresse: Aschauer Strasse 32a, 81549 M\u00fcnchen, Tyskland 3. Direkt\u00f8r for udgivelse Navn: [&hellip;]\" \/>\n<meta property=\"og:url\" content=\"https:\/\/equitas.site\/da\/juridiske-oplysninger-og-brugsbetingelser\/\" \/>\n<meta property=\"og:site_name\" content=\"Equitas\" \/>\n<meta property=\"article:modified_time\" content=\"2024-09-15T22:33:31+00:00\" \/>\n<meta name=\"twitter:card\" content=\"summary_large_image\" \/>\n<meta name=\"twitter:label1\" content=\"Estimeret l\u00e6setid\" \/>\n\t<meta name=\"twitter:data1\" content=\"6 minutter\" \/>\n<script type=\"application\/ld+json\" class=\"yoast-schema-graph\">{\"@context\":\"https:\/\/schema.org\",\"@graph\":[{\"@type\":\"WebPage\",\"@id\":\"https:\/\/equitas.site\/da\/juridiske-oplysninger-og-brugsbetingelser\/\",\"url\":\"https:\/\/equitas.site\/da\/juridiske-oplysninger-og-brugsbetingelser\/\",\"name\":\"Juridiske oplysninger og brugsbetingelser - Equitas\",\"isPartOf\":{\"@id\":\"https:\/\/equitas.site\/#website\"},\"datePublished\":\"2024-07-17T10:09:52+00:00\",\"dateModified\":\"2024-09-15T22:33:31+00:00\",\"breadcrumb\":{\"@id\":\"https:\/\/equitas.site\/da\/juridiske-oplysninger-og-brugsbetingelser\/#breadcrumb\"},\"inLanguage\":\"da-DK\",\"potentialAction\":[{\"@type\":\"ReadAction\",\"target\":[\"https:\/\/equitas.site\/da\/juridiske-oplysninger-og-brugsbetingelser\/\"]}]},{\"@type\":\"BreadcrumbList\",\"@id\":\"https:\/\/equitas.site\/da\/juridiske-oplysninger-og-brugsbetingelser\/#breadcrumb\",\"itemListElement\":[{\"@type\":\"ListItem\",\"position\":1,\"name\":\"Accueil\",\"item\":\"https:\/\/equitas.site\/da\/\"},{\"@type\":\"ListItem\",\"position\":2,\"name\":\"Juridiske oplysninger og brugsbetingelser\"}]},{\"@type\":\"WebSite\",\"@id\":\"https:\/\/equitas.site\/#website\",\"url\":\"https:\/\/equitas.site\/\",\"name\":\"Equitas\",\"description\":\"Your shield against hate.\",\"publisher\":{\"@id\":\"https:\/\/equitas.site\/#organization\"},\"potentialAction\":[{\"@type\":\"SearchAction\",\"target\":{\"@type\":\"EntryPoint\",\"urlTemplate\":\"https:\/\/equitas.site\/?s={search_term_string}\"},\"query-input\":{\"@type\":\"PropertyValueSpecification\",\"valueRequired\":true,\"valueName\":\"search_term_string\"}}],\"inLanguage\":\"da-DK\"},{\"@type\":\"Organization\",\"@id\":\"https:\/\/equitas.site\/#organization\",\"name\":\"Equitas\",\"url\":\"https:\/\/equitas.site\/\",\"logo\":{\"@type\":\"ImageObject\",\"inLanguage\":\"da-DK\",\"@id\":\"https:\/\/equitas.site\/#\/schema\/logo\/image\/\",\"url\":\"https:\/\/equitas.site\/wp-content\/uploads\/2024\/03\/Groupe-2.png\",\"contentUrl\":\"https:\/\/equitas.site\/wp-content\/uploads\/2024\/03\/Groupe-2.png\",\"width\":188,\"height\":44,\"caption\":\"Equitas\"},\"image\":{\"@id\":\"https:\/\/equitas.site\/#\/schema\/logo\/image\/\"}}]}<\/script>\n<!-- \/ Yoast SEO plugin. -->","yoast_head_json":{"title":"Juridiske oplysninger og brugsbetingelser - Equitas","robots":{"index":"index","follow":"follow","max-snippet":"max-snippet:-1","max-image-preview":"max-image-preview:large","max-video-preview":"max-video-preview:-1"},"canonical":"https:\/\/equitas.site\/da\/juridiske-oplysninger-og-brugsbetingelser\/","og_locale":"da_DK","og_type":"article","og_title":"Juridiske oplysninger og brugsbetingelser - Equitas","og_description":"1. Oplysninger om udgiver Virksomhedens navn: Agir d\u00e9fendre contre le racisme et l&#8217;islamophobieAdresse: 10 boulevard de l&#8217;Empereur, 1000 Bruxelles &#8211; BelgienTelefonnummer: +32 2 315 11 10E-mailadresse: contact@equitas.siteJuridisk form: ASBL (Association Sans But Lucratif)Virksomhedens registreringsnummer: BE 0760.873.740 2. Oplysninger om v\u00e6rten V\u00e6rtens navn: Contabo GmbHAdresse: Aschauer Strasse 32a, 81549 M\u00fcnchen, Tyskland 3. Direkt\u00f8r for udgivelse Navn: [&hellip;]","og_url":"https:\/\/equitas.site\/da\/juridiske-oplysninger-og-brugsbetingelser\/","og_site_name":"Equitas","article_modified_time":"2024-09-15T22:33:31+00:00","twitter_card":"summary_large_image","twitter_misc":{"Estimeret l\u00e6setid":"6 minutter"},"schema":{"@context":"https:\/\/schema.org","@graph":[{"@type":"WebPage","@id":"https:\/\/equitas.site\/da\/juridiske-oplysninger-og-brugsbetingelser\/","url":"https:\/\/equitas.site\/da\/juridiske-oplysninger-og-brugsbetingelser\/","name":"Juridiske oplysninger og brugsbetingelser - Equitas","isPartOf":{"@id":"https:\/\/equitas.site\/#website"},"datePublished":"2024-07-17T10:09:52+00:00","dateModified":"2024-09-15T22:33:31+00:00","breadcrumb":{"@id":"https:\/\/equitas.site\/da\/juridiske-oplysninger-og-brugsbetingelser\/#breadcrumb"},"inLanguage":"da-DK","potentialAction":[{"@type":"ReadAction","target":["https:\/\/equitas.site\/da\/juridiske-oplysninger-og-brugsbetingelser\/"]}]},{"@type":"BreadcrumbList","@id":"https:\/\/equitas.site\/da\/juridiske-oplysninger-og-brugsbetingelser\/#breadcrumb","itemListElement":[{"@type":"ListItem","position":1,"name":"Accueil","item":"https:\/\/equitas.site\/da\/"},{"@type":"ListItem","position":2,"name":"Juridiske oplysninger og brugsbetingelser"}]},{"@type":"WebSite","@id":"https:\/\/equitas.site\/#website","url":"https:\/\/equitas.site\/","name":"Equitas","description":"Your shield against hate.","publisher":{"@id":"https:\/\/equitas.site\/#organization"},"potentialAction":[{"@type":"SearchAction","target":{"@type":"EntryPoint","urlTemplate":"https:\/\/equitas.site\/?s={search_term_string}"},"query-input":{"@type":"PropertyValueSpecification","valueRequired":true,"valueName":"search_term_string"}}],"inLanguage":"da-DK"},{"@type":"Organization","@id":"https:\/\/equitas.site\/#organization","name":"Equitas","url":"https:\/\/equitas.site\/","logo":{"@type":"ImageObject","inLanguage":"da-DK","@id":"https:\/\/equitas.site\/#\/schema\/logo\/image\/","url":"https:\/\/equitas.site\/wp-content\/uploads\/2024\/03\/Groupe-2.png","contentUrl":"https:\/\/equitas.site\/wp-content\/uploads\/2024\/03\/Groupe-2.png","width":188,"height":44,"caption":"Equitas"},"image":{"@id":"https:\/\/equitas.site\/#\/schema\/logo\/image\/"}}]}},"_links":{"self":[{"href":"https:\/\/equitas.site\/da\/wp-json\/wp\/v2\/pages\/4495","targetHints":{"allow":["GET"]}}],"collection":[{"href":"https:\/\/equitas.site\/da\/wp-json\/wp\/v2\/pages"}],"about":[{"href":"https:\/\/equitas.site\/da\/wp-json\/wp\/v2\/types\/page"}],"author":[{"embeddable":true,"href":"https:\/\/equitas.site\/da\/wp-json\/wp\/v2\/users\/1"}],"replies":[{"embeddable":true,"href":"https:\/\/equitas.site\/da\/wp-json\/wp\/v2\/comments?post=4495"}],"version-history":[{"count":1,"href":"https:\/\/equitas.site\/da\/wp-json\/wp\/v2\/pages\/4495\/revisions"}],"predecessor-version":[{"id":4496,"href":"https:\/\/equitas.site\/da\/wp-json\/wp\/v2\/pages\/4495\/revisions\/4496"}],"wp:attachment":[{"href":"https:\/\/equitas.site\/da\/wp-json\/wp\/v2\/media?parent=4495"}],"curies":[{"name":"wp","href":"https:\/\/api.w.org\/{rel}","templated":true}]}}