{"id":4503,"date":"2024-07-17T10:09:52","date_gmt":"2024-07-17T10:09:52","guid":{"rendered":"https:\/\/equitas.site\/rechtliche-hinweise-und-nutzungsbedingungen\/"},"modified":"2024-09-15T22:34:25","modified_gmt":"2024-09-15T22:34:25","slug":"rechtliche-hinweise-und-nutzungsbedingungen","status":"publish","type":"page","link":"https:\/\/equitas.site\/de\/rechtliche-hinweise-und-nutzungsbedingungen\/","title":{"rendered":"Rechtliche Hinweise und Nutzungsbedingungen"},"content":{"rendered":"\n<h3 class=\"wp-block-heading\">1. Informationen \u00fcber den Herausgeber<\/h3>\n\n<p><strong>Name des Unternehmens:<\/strong> Agir d\u00e9fendre contre le racisme et l&#8217;islamophobie<br\/><strong>Adresse:<\/strong> 10 boulevard de l&#8217;Empereur, 1000 Br\u00fcssel &#8211; Belgien<br\/><strong>Telefonnummer:<\/strong> +32 2 315 11 10<br\/><strong>E-Mail-Adresse<\/strong><strong>:<\/strong> contact@equitas.site<br\/><strong>Rechtsform:<\/strong> ASBL (Association Sans But Lucratif)<br\/><strong>Handelsregistereintragungsnummer<\/strong><strong>:<\/strong> BE 0760.873.740<\/p>\n\n<h3 class=\"wp-block-heading\">2. Informationen \u00fcber den Hostinganbieter<\/h3>\n\n<p><strong>Name des Hosts:<\/strong> Contabo GmbH<br\/><strong>Adresse:<\/strong> Aschauer Strasse 32a, 81549 M\u00fcnchen, Germany<\/p>\n\n<h3 class=\"wp-block-heading\">3. Direktor der Ver\u00f6ffentlichung<\/h3>\n\n<p><strong>Name:<\/strong> Jean-Jacques Megaides<\/p>\n\n<h3 class=\"wp-block-heading\">4. Allgemeine Gesch\u00e4ftsbedingungen (AGB)<\/h3>\n\n<h4 class=\"wp-block-heading\">Allgemeine Bedingungen f\u00fcr die Kosten\u00fcbernahme durch Equitas<\/h4>\n\n<p>Die Rechtsabteilung von Equitas bietet kostenlose Informationen, Beratung und Unterst\u00fctzung f\u00fcr Antragsteller, die der Ansicht sind, dass sie Opfer einer Situation von Diskriminierung aufgrund von Islamophobie sind.<\/p>\n\n<p>Der Kl\u00e4ger ist die Person, die sich elektronisch oder telefonisch an Equitas wendet, um Informationen \u00fcber ihre Rechte zu erhalten, mit einem Antrag, der sich auf die oben beschriebene Situation der Diskriminierung bezieht.<\/p>\n\n<p>Equitas kann nur dann t\u00e4tig werden, wenn eine Person, die sich als Opfer einer diskriminierenden Situation sieht und bereit ist, ihre Identit\u00e4t preiszugeben, sich direkt an Equitas wendet.\nEquitas wird nicht auf der Grundlage von anonymen Meldungen t\u00e4tig. <\/p>\n\n<p>Aufgrund der gro\u00dfen Anzahl von Anfragen an Equitas und trotz der besten Bem\u00fchungen, die Opfer, die sich an Equitas wenden, zu unterst\u00fctzen, werden Antr\u00e4ge von Antragstellern, die sich den Equitas-Partnern angeschlossen haben, vorrangig bearbeitet.<\/p>\n\n<p><strong>WURDE FOLGENDES VEREINBART:<\/strong><\/p>\n\n<p><strong>Artikel 1:<\/strong> Als Gegenleistung f\u00fcr die Intervention von Equitas verpflichtet sich der Antragsteller, der Rechtsabteilung alle Elemente, Unterlagen und Informationen zur Verf\u00fcgung zu stellen, die f\u00fcr eine schnelle und effiziente Bearbeitung seines Antrags und die L\u00f6sung seines Rechtsstreits n\u00fctzlich sind und die unter den Zweck der T\u00e4tigkeit der Vereinigung fallen.\nWenn diese Elemente nicht innerhalb von 48 Stunden zur Verf\u00fcgung gestellt werden, kann Equitas die Bearbeitung des Falles ohne vorherige Benachrichtigung beenden.\nDer Einreicher ist ebenfalls verpflichtet, Equitas \u00fcber die Entwicklung des Falles oder \u00fcber neue Unterlagen und Informationen zu informieren, die sich aus dem weiteren Verlauf des Falles ergeben haben.\nDer Einreicher ist auch verpflichtet, Equitas vorab \u00fcber alle Schritte zu informieren, die er auf eigene Initiative unternimmt, insbesondere wenn er andere Instanzen oder Strukturen angerufen hat.\nFalls der Antragsteller Schritte unternimmt, ohne Equitas vorher zu informieren oder ohne Rechtsberatung von Equitas in Anspruch zu nehmen, lehnt die Vereinigung jegliche Verantwortung f\u00fcr die daraus entstehenden Folgen ab.    <\/p>\n\n<p>Der Beschwerdef\u00fchrer kann uns unter contact@equitas.site schreiben, um den Fortschritt seines Falles zu verfolgen oder eine Beschwerde einzureichen.<\/p>\n\n<p>W\u00e4hrend der gesamten Kommunikation mit Equitas ist der Eingebende verpflichtet, sich gegen\u00fcber den Mitarbeitern der Vereinigung h\u00f6flich zu verhalten.\nWenn die grundlegenden Regeln der Korrektheit nicht eingehalten werden, kann die Vereinigung den Kontakt mit dem Eingebenden jederzeit einstellen. <\/p>\n\n<p>Der Fragesteller verpflichtet sich au\u00dferdem, die Telefonnummer oder E-Mail-Adresse des f\u00fcr seinen Fall zust\u00e4ndigen Juristen nicht ohne dessen vorherige Zustimmung an Dritte weiterzugeben.<\/p>\n\n<p><strong>Artikel 2:<\/strong> Equitas garantiert die Vertraulichkeit der Informationen und Unterlagen, die ihr vom Antragsteller zur Verf\u00fcgung gestellt werden.\nAlle Dokumente, die Equitas dem Antragsteller zur Verf\u00fcgung stellt, sowie der gesamte elektronische Austausch mit Equitas, einschlie\u00dflich der Weiterleitung von E-Mails, die von den Anw\u00e4lten verfasst wurden, d\u00fcrfen nicht an Dritte weitergeleitet oder in sozialen Netzwerken oder anderen Medien ver\u00f6ffentlicht werden, da Equitas sonst haftbar gemacht werden kann.\nFalls der Fragesteller eine andere Struktur (Vereinigung, Verwaltungsbeh\u00f6rde, &#8230;) angerufen hat, informiert er Equitas unverz\u00fcglich dar\u00fcber, unabh\u00e4ngig davon, ob dieser Anruf vor oder nach der Bearbeitung des Falles durch Equitas erfolgt ist.  <\/p>\n\n<p><strong>Artikel 3:<\/strong> Falls eine andere Vereinigung an der Seite des Einreichenden t\u00e4tig werden m\u00f6chte, muss der Einreichende dies Equitas unverz\u00fcglich mitteilen, die dann in Absprache mit dem Einreichenden entscheidet, ob sie dem Antrag stattgibt oder nicht.<\/p>\n\n<p><strong>Artikel 4:<\/strong> Im Falle eines negativen Ergebnisses und einer Meinungsverschiedenheit mit dem Einreicher und wenn keine g\u00fctliche Einigung erzielt werden kann, gelten die Bedingungen von Artikel 17.<\/p>\n\n<p><strong>Artikel 5:<\/strong> Die Kontaktaufnahme mit einem Anwalt kann nur nach einer rechtlichen Pr\u00fcfung der Akte des Antragstellers erfolgen.\nNach dieser Pr\u00fcfung entscheidet die Rechtsabteilung, ob der Antragsteller an einen der Anw\u00e4lte des Equitas-Netzwerks verwiesen werden soll oder nicht. <\/p>\n\n<p><strong>Artikel 6:<\/strong> Falls der Antragsteller auf alle Schritte zur Wiederherstellung seiner Rechte verzichten m\u00f6chte, muss er dies unverz\u00fcglich der Rechtsabteilung mitteilen, die die Akte schlie\u00dfen wird.<\/p>\n\n<p><strong>Artikel 7:<\/strong> Wenn der Antragsteller mit dem Rechtsanwalt in Kontakt kommt, tritt er in ein Verh\u00e4ltnis zwischen Mandant und Rechtsanwalt ein.\nDaher wird er mit seinem Anwalt die H\u00f6he des Honorars f\u00fcr die Leistungen des Anwalts vereinbaren.\nDer Einreicher wird jedoch weiterhin die Rechtsabteilung von Equitas regelm\u00e4\u00dfig \u00fcber den Fortschritt des eingeleiteten Verfahrens und \u00fcber alle neuen Klagen oder Verfahren informieren.  <\/p>\n\n<p><strong>Artikel 8:<\/strong> Wenn der Kl\u00e4ger beschlie\u00dft, seine Angelegenheit direkt oder \u00fcber die Medien und\/oder andere Kommunikationsmittel zu ver\u00f6ffentlichen, einschlie\u00dflich wenn diese Entscheidung in Absprache mit seinem Anwalt getroffen wird, informiert er Equitas unverz\u00fcglich dar\u00fcber und bezieht Equitas in diese Aktion ein, bevor er sie unternimmt.\nAndernfalls wird Equitas den Fall ohne vorherige Benachrichtigung abtreten. <\/p>\n\n<p><strong>Artikel 9:<\/strong> Durch seinen Beitritt zu diesem Vertrag erkl\u00e4rt sich der Kl\u00e4ger damit einverstanden, dass der Anwalt Equitas die im Rahmen des oben genannten Rechtsstreits vorgenommenen Handlungen mitteilt, und zwar ohne Verletzung des Berufsgeheimnisses, dem der Anwalt unterliegt.<\/p>\n\n<p><strong>Artikel 10:<\/strong> Durch die Ratifizierung des vorliegenden Dokuments verpflichtet sich der Antragsteller, alle Dokumente, die direkt oder indirekt mit der Angelegenheit in Verbindung stehen, f\u00fcr die der Rechtsanwalt beauftragt wurde und die Gegenstand des vorliegenden Dokuments ist, zu \u00fcbermitteln und garantiert, dass die dem Rechtsanwalt \u00fcbermittelten Dokumente auf loyale und rechtm\u00e4\u00dfige Weise beschafft wurden.<\/p>\n\n<p><strong>Artikel 11:<\/strong> Der Erfasser wird vom Rechtsanwalt gem\u00e4\u00df den mit seinem Anwalt vereinbarten Modalit\u00e4ten empfangen.\nIm Falle einer Verhinderung ist er verpflichtet, den Anwalt 48 Stunden vor dem Termin telefonisch, per Fax, E-Mail oder Post zu informieren. <\/p>\n\n<p><strong>Artikel 12:<\/strong> Der Einreicher darf vor Gericht oder vor Dritten keine Schriftst\u00fccke vorlegen, die er nicht vorher dem Anwalt vorgelegt hat.<\/p>\n\n<p><strong>Artikel 13:<\/strong> Falls eine Meinungsverschiedenheit mit dem Anwalt auftritt, informiert er\/sie unverz\u00fcglich die Rechtsabteilung von Equitas, die gegebenenfalls als Vermittler auftreten kann, ohne jedoch zu einer Ergebnisverpflichtung verpflichtet zu sein.<\/p>\n\n<p><strong>Artikel 14:<\/strong> Falls der Erfasser beabsichtigt, seinen urspr\u00fcnglichen Anwalt freiwillig durch einen anderen Anwalt oder eine andere Person zu ersetzen, informiert er unverz\u00fcglich den Anwalt und die Rechtsabteilung von Equitas und bleibt an die vertraglichen Bedingungen gebunden, die in diesem Fall durch die von ihm ratifizierte Vereinbarung festgelegt wurden.<\/p>\n\n<p><strong>Artikel 15:<\/strong> Jede Klausel dieser Vereinbarung, die so ausgelegt werden kann, dass sie den Bestimmungen der mit dem Rechtsanwalt geschlossenen Honorarvereinbarung widerspricht oder diese missdeutet, hat keinen Vorrang vor den letztgenannten Bestimmungen.<\/p>\n\n<p><strong>Artikel 16:<\/strong> Der Antragsteller wird dar\u00fcber informiert, dass jegliches Versagen des Anwalts aufgrund eines externen und\/oder f\u00fcr ihn und\/oder Equitas un\u00fcberwindbaren Faktors der Vereinigung nicht entgegengehalten werden kann und dass die Vereinigung nicht haftbar gemacht werden kann.<\/p>\n\n<p><strong>Artikel 17:<\/strong> Der Einreicher wird dar\u00fcber informiert, dass jede Streitigkeit, die in seinen Beziehungen mit Equitas entsteht, wenn keine g\u00fctliche Einigung erzielt wird, zur automatischen und formlosen Abtretung seiner Akte f\u00fchrt.<\/p>\n","protected":false},"excerpt":{"rendered":"<p>1. Informationen \u00fcber den Herausgeber Name des Unternehmens: Agir d\u00e9fendre contre le racisme et l&#8217;islamophobieAdresse: 10 boulevard de l&#8217;Empereur, 1000 Br\u00fcssel &#8211; BelgienTelefonnummer: +32 2 315 11 10E-Mail-Adresse: contact@equitas.siteRechtsform: ASBL (Association Sans But Lucratif)Handelsregistereintragungsnummer: BE 0760.873.740 2. Informationen \u00fcber den Hostinganbieter Name des Hosts: Contabo GmbHAdresse: Aschauer Strasse 32a, 81549 M\u00fcnchen, Germany 3. Direktor der [&hellip;]<\/p>\n","protected":false},"author":1,"featured_media":0,"parent":0,"menu_order":0,"comment_status":"closed","ping_status":"closed","template":"","meta":{"footnotes":""},"class_list":["post-4503","page","type-page","status-publish","hentry"],"yoast_head":"<!-- This site is optimized with the Yoast SEO plugin v27.1.1 - https:\/\/yoast.com\/product\/yoast-seo-wordpress\/ -->\n<title>Rechtliche Hinweise und Nutzungsbedingungen - Equitas<\/title>\n<meta name=\"robots\" content=\"index, follow, max-snippet:-1, max-image-preview:large, max-video-preview:-1\" \/>\n<link rel=\"canonical\" href=\"https:\/\/equitas.site\/de\/rechtliche-hinweise-und-nutzungsbedingungen\/\" \/>\n<meta property=\"og:locale\" content=\"de_DE\" \/>\n<meta property=\"og:type\" content=\"article\" \/>\n<meta property=\"og:title\" content=\"Rechtliche Hinweise und Nutzungsbedingungen - Equitas\" \/>\n<meta property=\"og:description\" content=\"1. Informationen \u00fcber den Herausgeber Name des Unternehmens: Agir d\u00e9fendre contre le racisme et l&#8217;islamophobieAdresse: 10 boulevard de l&#8217;Empereur, 1000 Br\u00fcssel &#8211; BelgienTelefonnummer: +32 2 315 11 10E-Mail-Adresse: contact@equitas.siteRechtsform: ASBL (Association Sans But Lucratif)Handelsregistereintragungsnummer: BE 0760.873.740 2. Informationen \u00fcber den Hostinganbieter Name des Hosts: Contabo GmbHAdresse: Aschauer Strasse 32a, 81549 M\u00fcnchen, Germany 3. Direktor der [&hellip;]\" \/>\n<meta property=\"og:url\" content=\"https:\/\/equitas.site\/de\/rechtliche-hinweise-und-nutzungsbedingungen\/\" \/>\n<meta property=\"og:site_name\" content=\"Equitas\" \/>\n<meta property=\"article:modified_time\" content=\"2024-09-15T22:34:25+00:00\" \/>\n<meta name=\"twitter:card\" content=\"summary_large_image\" \/>\n<meta name=\"twitter:label1\" content=\"Gesch\u00e4tzte Lesezeit\" \/>\n\t<meta name=\"twitter:data1\" content=\"6\u00a0Minuten\" \/>\n<script type=\"application\/ld+json\" class=\"yoast-schema-graph\">{\"@context\":\"https:\/\/schema.org\",\"@graph\":[{\"@type\":\"WebPage\",\"@id\":\"https:\/\/equitas.site\/de\/rechtliche-hinweise-und-nutzungsbedingungen\/\",\"url\":\"https:\/\/equitas.site\/de\/rechtliche-hinweise-und-nutzungsbedingungen\/\",\"name\":\"Rechtliche Hinweise und Nutzungsbedingungen - Equitas\",\"isPartOf\":{\"@id\":\"https:\/\/equitas.site\/#website\"},\"datePublished\":\"2024-07-17T10:09:52+00:00\",\"dateModified\":\"2024-09-15T22:34:25+00:00\",\"breadcrumb\":{\"@id\":\"https:\/\/equitas.site\/de\/rechtliche-hinweise-und-nutzungsbedingungen\/#breadcrumb\"},\"inLanguage\":\"de\",\"potentialAction\":[{\"@type\":\"ReadAction\",\"target\":[\"https:\/\/equitas.site\/de\/rechtliche-hinweise-und-nutzungsbedingungen\/\"]}]},{\"@type\":\"BreadcrumbList\",\"@id\":\"https:\/\/equitas.site\/de\/rechtliche-hinweise-und-nutzungsbedingungen\/#breadcrumb\",\"itemListElement\":[{\"@type\":\"ListItem\",\"position\":1,\"name\":\"Accueil\",\"item\":\"https:\/\/equitas.site\/da\/\"},{\"@type\":\"ListItem\",\"position\":2,\"name\":\"Rechtliche Hinweise und Nutzungsbedingungen\"}]},{\"@type\":\"WebSite\",\"@id\":\"https:\/\/equitas.site\/#website\",\"url\":\"https:\/\/equitas.site\/\",\"name\":\"Equitas\",\"description\":\"Your shield against hate.\",\"publisher\":{\"@id\":\"https:\/\/equitas.site\/#organization\"},\"potentialAction\":[{\"@type\":\"SearchAction\",\"target\":{\"@type\":\"EntryPoint\",\"urlTemplate\":\"https:\/\/equitas.site\/?s={search_term_string}\"},\"query-input\":{\"@type\":\"PropertyValueSpecification\",\"valueRequired\":true,\"valueName\":\"search_term_string\"}}],\"inLanguage\":\"de\"},{\"@type\":\"Organization\",\"@id\":\"https:\/\/equitas.site\/#organization\",\"name\":\"Equitas\",\"url\":\"https:\/\/equitas.site\/\",\"logo\":{\"@type\":\"ImageObject\",\"inLanguage\":\"de\",\"@id\":\"https:\/\/equitas.site\/#\/schema\/logo\/image\/\",\"url\":\"https:\/\/equitas.site\/wp-content\/uploads\/2024\/03\/Groupe-2.png\",\"contentUrl\":\"https:\/\/equitas.site\/wp-content\/uploads\/2024\/03\/Groupe-2.png\",\"width\":188,\"height\":44,\"caption\":\"Equitas\"},\"image\":{\"@id\":\"https:\/\/equitas.site\/#\/schema\/logo\/image\/\"}}]}<\/script>\n<!-- \/ Yoast SEO plugin. -->","yoast_head_json":{"title":"Rechtliche Hinweise und Nutzungsbedingungen - Equitas","robots":{"index":"index","follow":"follow","max-snippet":"max-snippet:-1","max-image-preview":"max-image-preview:large","max-video-preview":"max-video-preview:-1"},"canonical":"https:\/\/equitas.site\/de\/rechtliche-hinweise-und-nutzungsbedingungen\/","og_locale":"de_DE","og_type":"article","og_title":"Rechtliche Hinweise und Nutzungsbedingungen - Equitas","og_description":"1. Informationen \u00fcber den Herausgeber Name des Unternehmens: Agir d\u00e9fendre contre le racisme et l&#8217;islamophobieAdresse: 10 boulevard de l&#8217;Empereur, 1000 Br\u00fcssel &#8211; BelgienTelefonnummer: +32 2 315 11 10E-Mail-Adresse: contact@equitas.siteRechtsform: ASBL (Association Sans But Lucratif)Handelsregistereintragungsnummer: BE 0760.873.740 2. Informationen \u00fcber den Hostinganbieter Name des Hosts: Contabo GmbHAdresse: Aschauer Strasse 32a, 81549 M\u00fcnchen, Germany 3. Direktor der [&hellip;]","og_url":"https:\/\/equitas.site\/de\/rechtliche-hinweise-und-nutzungsbedingungen\/","og_site_name":"Equitas","article_modified_time":"2024-09-15T22:34:25+00:00","twitter_card":"summary_large_image","twitter_misc":{"Gesch\u00e4tzte Lesezeit":"6\u00a0Minuten"},"schema":{"@context":"https:\/\/schema.org","@graph":[{"@type":"WebPage","@id":"https:\/\/equitas.site\/de\/rechtliche-hinweise-und-nutzungsbedingungen\/","url":"https:\/\/equitas.site\/de\/rechtliche-hinweise-und-nutzungsbedingungen\/","name":"Rechtliche Hinweise und Nutzungsbedingungen - Equitas","isPartOf":{"@id":"https:\/\/equitas.site\/#website"},"datePublished":"2024-07-17T10:09:52+00:00","dateModified":"2024-09-15T22:34:25+00:00","breadcrumb":{"@id":"https:\/\/equitas.site\/de\/rechtliche-hinweise-und-nutzungsbedingungen\/#breadcrumb"},"inLanguage":"de","potentialAction":[{"@type":"ReadAction","target":["https:\/\/equitas.site\/de\/rechtliche-hinweise-und-nutzungsbedingungen\/"]}]},{"@type":"BreadcrumbList","@id":"https:\/\/equitas.site\/de\/rechtliche-hinweise-und-nutzungsbedingungen\/#breadcrumb","itemListElement":[{"@type":"ListItem","position":1,"name":"Accueil","item":"https:\/\/equitas.site\/da\/"},{"@type":"ListItem","position":2,"name":"Rechtliche Hinweise und Nutzungsbedingungen"}]},{"@type":"WebSite","@id":"https:\/\/equitas.site\/#website","url":"https:\/\/equitas.site\/","name":"Equitas","description":"Your shield against hate.","publisher":{"@id":"https:\/\/equitas.site\/#organization"},"potentialAction":[{"@type":"SearchAction","target":{"@type":"EntryPoint","urlTemplate":"https:\/\/equitas.site\/?s={search_term_string}"},"query-input":{"@type":"PropertyValueSpecification","valueRequired":true,"valueName":"search_term_string"}}],"inLanguage":"de"},{"@type":"Organization","@id":"https:\/\/equitas.site\/#organization","name":"Equitas","url":"https:\/\/equitas.site\/","logo":{"@type":"ImageObject","inLanguage":"de","@id":"https:\/\/equitas.site\/#\/schema\/logo\/image\/","url":"https:\/\/equitas.site\/wp-content\/uploads\/2024\/03\/Groupe-2.png","contentUrl":"https:\/\/equitas.site\/wp-content\/uploads\/2024\/03\/Groupe-2.png","width":188,"height":44,"caption":"Equitas"},"image":{"@id":"https:\/\/equitas.site\/#\/schema\/logo\/image\/"}}]}},"_links":{"self":[{"href":"https:\/\/equitas.site\/de\/wp-json\/wp\/v2\/pages\/4503","targetHints":{"allow":["GET"]}}],"collection":[{"href":"https:\/\/equitas.site\/de\/wp-json\/wp\/v2\/pages"}],"about":[{"href":"https:\/\/equitas.site\/de\/wp-json\/wp\/v2\/types\/page"}],"author":[{"embeddable":true,"href":"https:\/\/equitas.site\/de\/wp-json\/wp\/v2\/users\/1"}],"replies":[{"embeddable":true,"href":"https:\/\/equitas.site\/de\/wp-json\/wp\/v2\/comments?post=4503"}],"version-history":[{"count":1,"href":"https:\/\/equitas.site\/de\/wp-json\/wp\/v2\/pages\/4503\/revisions"}],"predecessor-version":[{"id":4504,"href":"https:\/\/equitas.site\/de\/wp-json\/wp\/v2\/pages\/4503\/revisions\/4504"}],"wp:attachment":[{"href":"https:\/\/equitas.site\/de\/wp-json\/wp\/v2\/media?parent=4503"}],"curies":[{"name":"wp","href":"https:\/\/api.w.org\/{rel}","templated":true}]}}