{"id":4499,"date":"2024-07-17T10:09:52","date_gmt":"2024-07-17T10:09:52","guid":{"rendered":"https:\/\/equitas.site\/informacion-legal-y-condiciones-de-uso\/"},"modified":"2024-09-15T22:34:25","modified_gmt":"2024-09-15T22:34:25","slug":"informacion-legal-y-condiciones-de-uso","status":"publish","type":"page","link":"https:\/\/equitas.site\/es\/informacion-legal-y-condiciones-de-uso\/","title":{"rendered":"Informaci\u00f3n legal y condiciones de uso"},"content":{"rendered":"\n<h3 class=\"wp-block-heading\">1. Informaci\u00f3n del editor<\/h3>\n\n<p><br\/><br\/><br\/><br\/><br\/>N<strong>ombre de la empresa:<\/strong> Agir d\u00e9fendre contre le racisme et l&#8217;islamophobie<strong>Direcci\u00f3n:<\/strong> 10 boulevard de l&#8217;Empereur, 1000 Bruselas &#8211; B\u00e9lgica<strong>N\u00famero de<\/strong><strong>tel\u00e9fono:<\/strong> +32 2 315 11 10<strong>Direcci\u00f3n de<\/strong><strong>correo electr\u00f3nico:<\/strong> contact@equitas.site<strong>Forma<\/strong><strong>jur\u00eddica:<\/strong> ASBL (Association Sans But Lucratif)<strong>N\u00famero de registro de la<\/strong><strong>empresa:<\/strong> BE 0760.873.740<\/p>\n\n<h3 class=\"wp-block-heading\">2. Informaci\u00f3n sobre el Anfitri\u00f3n<\/h3>\n\n<p><br\/>N<strong>ombre del anfitri\u00f3n:<\/strong> Contabo GmbH<strong>Direcci\u00f3n:<\/strong> Aschauer Strasse 32a, 81549 M\u00fanich, Alemania<\/p>\n\n<h3 class=\"wp-block-heading\">3. Director de la publicaci\u00f3n<\/h3>\n\n<p><strong>Nombre:<\/strong> Jean-Jacques Megaides<\/p>\n\n<h3 class=\"wp-block-heading\">4. Condiciones Generales de Uso (CGU)<\/h3>\n\n<h4 class=\"wp-block-heading\">Condiciones generales de la cobertura de Equitas<\/h4>\n\n<p>El departamento jur\u00eddico de Equitas ofrece informaci\u00f3n, asesoramiento y asistencia gratuitos a los denunciantes que crean ser v\u00edctimas de discriminaci\u00f3n vinculada a la islamofobia, es decir, todos los actos de discriminaci\u00f3n y violencia por motivos de pertenencia real o supuesta a la religi\u00f3n musulmana, previstos y sancionados por la ley.<\/p>\n\n<p>El Remitente es la persona que se pone en contacto con Equitas por v\u00eda electr\u00f3nica o telef\u00f3nica, para obtener informaci\u00f3n sobre sus derechos, con una solicitud relacionada con la situaci\u00f3n de discriminaci\u00f3n descrita anteriormente.<\/p>\n\n<p>Equitas s\u00f3lo puede intervenir tras la remisi\u00f3n directa de una persona que crea ser v\u00edctima de discriminaci\u00f3n y acepte revelar su identidad.\nEquitas no interviene a partir de denuncias an\u00f3nimas. <\/p>\n\n<p>Debido al gran n\u00famero de solicitudes que recibe Equitas, y a pesar de sus esfuerzos por apoyar a las v\u00edctimas que lo solicitan, se dar\u00e1 prioridad a las solicitudes de los solicitantes que se hayan inscrito con los socios de Equitas.<\/p>\n\n<p><strong>SE ACUERDA LO SIGUIENTE:<\/strong><\/p>\n\n<p><strong>Art\u00edculo 1:<\/strong> A cambio de los servicios de Equitas, el Remitente se compromete a facilitar al Departamento Jur\u00eddico cualquier informaci\u00f3n, documentos u otros elementos que puedan ser \u00fatiles para la tramitaci\u00f3n r\u00e1pida y eficaz de la solicitud y la resoluci\u00f3n del litigio, en el \u00e1mbito de las actividades de la asociaci\u00f3n.\nSi estos elementos no se facilitan en un plazo de 48 horas, Equitas podr\u00e1 dar por terminada la tramitaci\u00f3n del asunto, sin previo aviso.\nLa Parte Remitente tambi\u00e9n est\u00e1 obligada a informar a Equitas de cualquier evoluci\u00f3n del caso o de cualquier nuevo documento o informaci\u00f3n que pueda surgir como resultado del caso.\nLa Parte Remitente tambi\u00e9n est\u00e1 obligada a informar a Equitas con antelaci\u00f3n de cualquier medida adoptada por iniciativa propia, en particular si ha remitido el asunto a otros organismos o estructuras.\nEn caso de que la Parte Remitente tome medidas sin informar previamente a Equitas o sin solicitar asesoramiento jur\u00eddico a Equitas, la Asociaci\u00f3n declina toda responsabilidad por las consecuencias que puedan derivarse.    <\/p>\n\n<p>Los solicitantes pueden escribirnos a contact@equitas.site para seguir el progreso de su caso o enviarnos cualquier queja que puedan tener.<\/p>\n\n<p>En todas sus relaciones con Equitas, la Parte Embargante debe ser cort\u00e9s con el personal de la Asociaci\u00f3n.\nSi no se observan las normas b\u00e1sicas de correcci\u00f3n, la Asociaci\u00f3n podr\u00e1 cesar todo contacto con el Solicitante en cualquier momento. <\/p>\n\n<p>El recurrente tambi\u00e9n se compromete a no comunicar a terceros el n\u00famero de tel\u00e9fono o la direcci\u00f3n de correo electr\u00f3nico del abogado encargado de su caso sin su consentimiento previo.<\/p>\n\n<p><strong>Art\u00edculo 2:<\/strong> Equitas garantiza la confidencialidad de la informaci\u00f3n y los documentos que le comunique el Remitente.\nTodos los documentos comunicados por Equitas al Remitente, as\u00ed como todos los intercambios electr\u00f3nicos con Equitas, en particular mediante la transmisi\u00f3n de correos electr\u00f3nicos redactados por abogados, no podr\u00e1n transmitirse a terceros ni publicarse en las redes sociales o en cualquier otro medio, so pena de incurrir en responsabilidad.\nEn caso de que el Remitente haya remitido un caso a otra estructura (asociaci\u00f3n, autoridad administrativa, etc.), informar\u00e1 inmediatamente a Equitas, tanto si esta remisi\u00f3n se ha realizado antes como despu\u00e9s de que Equitas se haya hecho cargo del caso. Equitas decidir\u00e1 entonces si contin\u00faa o no con su asistencia.  <\/p>\n\n<p><strong>Art\u00edculo 3:<\/strong> En caso de que otra asociaci\u00f3n desee intervenir junto a la Parte Remitente, \u00e9sta deber\u00e1 informar inmediatamente a Equitas, que decidir\u00e1, de acuerdo con la Parte Remitente, si responde favorablemente o no.<\/p>\n\n<p><strong>Art\u00edculo 4:<\/strong> En caso de resultado desfavorable y de desacuerdo con la Parte Remitente, y a falta de una soluci\u00f3n amistosa, se aplicar\u00e1 lo dispuesto en el Art\u00edculo 17.<\/p>\n\n<p><strong>Art\u00edculo 5:<\/strong> La remisi\u00f3n a un Abogado s\u00f3lo podr\u00e1 realizarse tras un examen jur\u00eddico del caso del Remitente.\nTras este examen, el departamento jur\u00eddico decidir\u00e1 si remite o no al Remitente a uno de los Abogados de la red Equitas. <\/p>\n\n<p><strong>Art\u00edculo 6:<\/strong> En caso de que el Remitente desee desistir de cualquier acci\u00f3n encaminada al restablecimiento de sus derechos, deber\u00e1 comunicarlo inmediatamente a la Asesor\u00eda Jur\u00eddica, que archivar\u00e1 su expediente.<\/p>\n\n<p><strong>Art\u00edculo 7:<\/strong> Cuando el Remitente se pone en contacto con el Abogado, entabla una relaci\u00f3n de cliente\/abogado.\nEn consecuencia, acordar\u00e1 con su Letrado el importe de los honorarios relativos a los servicios de \u00e9ste.\nNo obstante, la Parte Remitente seguir\u00e1 manteniendo regularmente informado al departamento jur\u00eddico de Equitas sobre el desarrollo del procedimiento y sobre cualquier nueva acci\u00f3n o procedimiento que se emprenda.  <\/p>\n\n<p><strong>Art\u00edculo 8:<\/strong> Cuando la Parte Remitente decida hacer p\u00fablico su caso directamente, o a trav\u00e9s de los medios de comunicaci\u00f3n y\/o cualquier otro medio de comunicaci\u00f3n, incluso cuando esta decisi\u00f3n se adopte de acuerdo con su Abogado, deber\u00e1 informar a Equitas sin demora e implicarla en esta acci\u00f3n antes de llevarla a cabo.\nEn caso contrario, Equitas se retirar\u00e1 del caso sin previo aviso. <\/p>\n\n<p><strong>Art\u00edculo 9:<\/strong> Mediante la adhesi\u00f3n al presente documento, el Remitente acepta que el Abogado comunique a Equitas los actos realizados en el marco del citado litigio, sin perjuicio del secreto profesional al que est\u00e1 sujeto el Abogado.<\/p>\n\n<p><strong>Art\u00edculo 10:<\/strong> Mediante la ratificaci\u00f3n del presente documento, el Remitente se compromete a comunicar cualquier documento relacionado directa o indirectamente con el asunto para el que el Abogado ha sido encargado y que es objeto del presente documento y garantiza que los documentos comunicados al Abogado han sido obtenidos de manera leal y l\u00edcita.<\/p>\n\n<p><strong>Art\u00edculo 11:<\/strong> El Recurrente ser\u00e1 recibido por el Abogado en los t\u00e9rminos acordados con su defensor.\nSi no pudiera asistir, deber\u00e1 comunicarlo al Abogado por tel\u00e9fono, fax, correo electr\u00f3nico o correo postal 48 horas antes de la cita. <\/p>\n\n<p><strong>Art\u00edculo 12:<\/strong> La Parte Embargante se abstendr\u00e1 de presentar ante el Tribunal o ante terceros, cualquier documento que no haya entregado previamente al Abogado.<\/p>\n\n<p><strong>Art\u00edculo 13:<\/strong> En caso de desacuerdo con el Abogado, \u00e9ste informar\u00e1 inmediatamente al departamento jur\u00eddico de Equitas, que podr\u00e1 actuar como mediador, sin estar vinculado por ninguna obligaci\u00f3n de resultado.<\/p>\n\n<p><strong>Art\u00edculo 14:<\/strong> En caso de que el Remitente pretenda sustituir voluntariamente a su letrado inicial por otro abogado o cualquier otra persona, deber\u00e1 comunicarlo inmediatamente al Abogado y al departamento jur\u00eddico de Equitas y quedar\u00e1 vinculado por las condiciones contractuales establecidas en este supuesto por el acuerdo que habr\u00e1 ratificado.<\/p>\n\n<p><strong>Art\u00edculo 15:<\/strong> Cualquier cl\u00e1usula del presente documento que pueda interpretarse como contradictoria o equ\u00edvoca con respecto a las estipulaciones del acuerdo de honorarios celebrado con el Abogado no prevalecer\u00e1 sobre \u00e9ste.<\/p>\n\n<p><strong>Art\u00edculo 16:<\/strong> Se informa al Remitente de que cualquier incumplimiento por parte del Abogado, debido a un factor externo y\/o insuperable para el Abogado y\/o Equitas, no ser\u00e1 oponible a la Asociaci\u00f3n y \u00e9sta no ser\u00e1 responsable.<\/p>\n\n<p><strong>Art\u00edculo 17:<\/strong> Se informa a la Parte Remitente de que cualquier disputa que surja entre ella y Equitas, en ausencia de una soluci\u00f3n amistosa, dar\u00e1 lugar al sobreseimiento autom\u00e1tico e informal de su caso.<\/p>\n","protected":false},"excerpt":{"rendered":"<p>1. Informaci\u00f3n del editor Nombre de la empresa: Agir d\u00e9fendre contre le racisme et l&#8217;islamophobieDirecci\u00f3n: 10 boulevard de l&#8217;Empereur, 1000 Bruselas &#8211; B\u00e9lgicaN\u00famero detel\u00e9fono: +32 2 315 11 10Direcci\u00f3n decorreo electr\u00f3nico: contact@equitas.siteFormajur\u00eddica: ASBL (Association Sans But Lucratif)N\u00famero de registro de laempresa: BE 0760.873.740 2. Informaci\u00f3n sobre el Anfitri\u00f3n Nombre del anfitri\u00f3n: Contabo GmbHDirecci\u00f3n: Aschauer Strasse [&hellip;]<\/p>\n","protected":false},"author":1,"featured_media":0,"parent":0,"menu_order":0,"comment_status":"closed","ping_status":"closed","template":"","meta":{"footnotes":""},"class_list":["post-4499","page","type-page","status-publish","hentry"],"yoast_head":"<!-- This site is optimized with the Yoast SEO plugin v27.1.1 - https:\/\/yoast.com\/product\/yoast-seo-wordpress\/ -->\n<title>Informaci\u00f3n legal y condiciones de uso - Equitas<\/title>\n<meta name=\"robots\" content=\"index, follow, max-snippet:-1, max-image-preview:large, max-video-preview:-1\" \/>\n<link rel=\"canonical\" href=\"https:\/\/equitas.site\/es\/informacion-legal-y-condiciones-de-uso\/\" \/>\n<meta property=\"og:locale\" content=\"es_ES\" \/>\n<meta property=\"og:type\" content=\"article\" \/>\n<meta property=\"og:title\" content=\"Informaci\u00f3n legal y condiciones de uso - Equitas\" \/>\n<meta property=\"og:description\" content=\"1. Informaci\u00f3n del editor Nombre de la empresa: Agir d\u00e9fendre contre le racisme et l&#8217;islamophobieDirecci\u00f3n: 10 boulevard de l&#8217;Empereur, 1000 Bruselas &#8211; B\u00e9lgicaN\u00famero detel\u00e9fono: +32 2 315 11 10Direcci\u00f3n decorreo electr\u00f3nico: contact@equitas.siteFormajur\u00eddica: ASBL (Association Sans But Lucratif)N\u00famero de registro de laempresa: BE 0760.873.740 2. Informaci\u00f3n sobre el Anfitri\u00f3n Nombre del anfitri\u00f3n: Contabo GmbHDirecci\u00f3n: Aschauer Strasse [&hellip;]\" \/>\n<meta property=\"og:url\" content=\"https:\/\/equitas.site\/es\/informacion-legal-y-condiciones-de-uso\/\" \/>\n<meta property=\"og:site_name\" content=\"Equitas\" \/>\n<meta property=\"article:modified_time\" content=\"2024-09-15T22:34:25+00:00\" \/>\n<meta name=\"twitter:card\" content=\"summary_large_image\" \/>\n<meta name=\"twitter:label1\" content=\"Tiempo de lectura\" \/>\n\t<meta name=\"twitter:data1\" content=\"7 minutos\" \/>\n<script type=\"application\/ld+json\" class=\"yoast-schema-graph\">{\"@context\":\"https:\/\/schema.org\",\"@graph\":[{\"@type\":\"WebPage\",\"@id\":\"https:\/\/equitas.site\/es\/informacion-legal-y-condiciones-de-uso\/\",\"url\":\"https:\/\/equitas.site\/es\/informacion-legal-y-condiciones-de-uso\/\",\"name\":\"Informaci\u00f3n legal y condiciones de uso - Equitas\",\"isPartOf\":{\"@id\":\"https:\/\/equitas.site\/#website\"},\"datePublished\":\"2024-07-17T10:09:52+00:00\",\"dateModified\":\"2024-09-15T22:34:25+00:00\",\"breadcrumb\":{\"@id\":\"https:\/\/equitas.site\/es\/informacion-legal-y-condiciones-de-uso\/#breadcrumb\"},\"inLanguage\":\"es\",\"potentialAction\":[{\"@type\":\"ReadAction\",\"target\":[\"https:\/\/equitas.site\/es\/informacion-legal-y-condiciones-de-uso\/\"]}]},{\"@type\":\"BreadcrumbList\",\"@id\":\"https:\/\/equitas.site\/es\/informacion-legal-y-condiciones-de-uso\/#breadcrumb\",\"itemListElement\":[{\"@type\":\"ListItem\",\"position\":1,\"name\":\"Accueil\",\"item\":\"https:\/\/equitas.site\/da\/\"},{\"@type\":\"ListItem\",\"position\":2,\"name\":\"Informaci\u00f3n legal y condiciones de uso\"}]},{\"@type\":\"WebSite\",\"@id\":\"https:\/\/equitas.site\/#website\",\"url\":\"https:\/\/equitas.site\/\",\"name\":\"Equitas\",\"description\":\"Your shield against hate.\",\"publisher\":{\"@id\":\"https:\/\/equitas.site\/#organization\"},\"potentialAction\":[{\"@type\":\"SearchAction\",\"target\":{\"@type\":\"EntryPoint\",\"urlTemplate\":\"https:\/\/equitas.site\/?s={search_term_string}\"},\"query-input\":{\"@type\":\"PropertyValueSpecification\",\"valueRequired\":true,\"valueName\":\"search_term_string\"}}],\"inLanguage\":\"es\"},{\"@type\":\"Organization\",\"@id\":\"https:\/\/equitas.site\/#organization\",\"name\":\"Equitas\",\"url\":\"https:\/\/equitas.site\/\",\"logo\":{\"@type\":\"ImageObject\",\"inLanguage\":\"es\",\"@id\":\"https:\/\/equitas.site\/#\/schema\/logo\/image\/\",\"url\":\"https:\/\/equitas.site\/wp-content\/uploads\/2024\/03\/Groupe-2.png\",\"contentUrl\":\"https:\/\/equitas.site\/wp-content\/uploads\/2024\/03\/Groupe-2.png\",\"width\":188,\"height\":44,\"caption\":\"Equitas\"},\"image\":{\"@id\":\"https:\/\/equitas.site\/#\/schema\/logo\/image\/\"}}]}<\/script>\n<!-- \/ Yoast SEO plugin. -->","yoast_head_json":{"title":"Informaci\u00f3n legal y condiciones de uso - Equitas","robots":{"index":"index","follow":"follow","max-snippet":"max-snippet:-1","max-image-preview":"max-image-preview:large","max-video-preview":"max-video-preview:-1"},"canonical":"https:\/\/equitas.site\/es\/informacion-legal-y-condiciones-de-uso\/","og_locale":"es_ES","og_type":"article","og_title":"Informaci\u00f3n legal y condiciones de uso - Equitas","og_description":"1. Informaci\u00f3n del editor Nombre de la empresa: Agir d\u00e9fendre contre le racisme et l&#8217;islamophobieDirecci\u00f3n: 10 boulevard de l&#8217;Empereur, 1000 Bruselas &#8211; B\u00e9lgicaN\u00famero detel\u00e9fono: +32 2 315 11 10Direcci\u00f3n decorreo electr\u00f3nico: contact@equitas.siteFormajur\u00eddica: ASBL (Association Sans But Lucratif)N\u00famero de registro de laempresa: BE 0760.873.740 2. Informaci\u00f3n sobre el Anfitri\u00f3n Nombre del anfitri\u00f3n: Contabo GmbHDirecci\u00f3n: Aschauer Strasse [&hellip;]","og_url":"https:\/\/equitas.site\/es\/informacion-legal-y-condiciones-de-uso\/","og_site_name":"Equitas","article_modified_time":"2024-09-15T22:34:25+00:00","twitter_card":"summary_large_image","twitter_misc":{"Tiempo de lectura":"7 minutos"},"schema":{"@context":"https:\/\/schema.org","@graph":[{"@type":"WebPage","@id":"https:\/\/equitas.site\/es\/informacion-legal-y-condiciones-de-uso\/","url":"https:\/\/equitas.site\/es\/informacion-legal-y-condiciones-de-uso\/","name":"Informaci\u00f3n legal y condiciones de uso - Equitas","isPartOf":{"@id":"https:\/\/equitas.site\/#website"},"datePublished":"2024-07-17T10:09:52+00:00","dateModified":"2024-09-15T22:34:25+00:00","breadcrumb":{"@id":"https:\/\/equitas.site\/es\/informacion-legal-y-condiciones-de-uso\/#breadcrumb"},"inLanguage":"es","potentialAction":[{"@type":"ReadAction","target":["https:\/\/equitas.site\/es\/informacion-legal-y-condiciones-de-uso\/"]}]},{"@type":"BreadcrumbList","@id":"https:\/\/equitas.site\/es\/informacion-legal-y-condiciones-de-uso\/#breadcrumb","itemListElement":[{"@type":"ListItem","position":1,"name":"Accueil","item":"https:\/\/equitas.site\/da\/"},{"@type":"ListItem","position":2,"name":"Informaci\u00f3n legal y condiciones de uso"}]},{"@type":"WebSite","@id":"https:\/\/equitas.site\/#website","url":"https:\/\/equitas.site\/","name":"Equitas","description":"Your shield against hate.","publisher":{"@id":"https:\/\/equitas.site\/#organization"},"potentialAction":[{"@type":"SearchAction","target":{"@type":"EntryPoint","urlTemplate":"https:\/\/equitas.site\/?s={search_term_string}"},"query-input":{"@type":"PropertyValueSpecification","valueRequired":true,"valueName":"search_term_string"}}],"inLanguage":"es"},{"@type":"Organization","@id":"https:\/\/equitas.site\/#organization","name":"Equitas","url":"https:\/\/equitas.site\/","logo":{"@type":"ImageObject","inLanguage":"es","@id":"https:\/\/equitas.site\/#\/schema\/logo\/image\/","url":"https:\/\/equitas.site\/wp-content\/uploads\/2024\/03\/Groupe-2.png","contentUrl":"https:\/\/equitas.site\/wp-content\/uploads\/2024\/03\/Groupe-2.png","width":188,"height":44,"caption":"Equitas"},"image":{"@id":"https:\/\/equitas.site\/#\/schema\/logo\/image\/"}}]}},"_links":{"self":[{"href":"https:\/\/equitas.site\/es\/wp-json\/wp\/v2\/pages\/4499","targetHints":{"allow":["GET"]}}],"collection":[{"href":"https:\/\/equitas.site\/es\/wp-json\/wp\/v2\/pages"}],"about":[{"href":"https:\/\/equitas.site\/es\/wp-json\/wp\/v2\/types\/page"}],"author":[{"embeddable":true,"href":"https:\/\/equitas.site\/es\/wp-json\/wp\/v2\/users\/1"}],"replies":[{"embeddable":true,"href":"https:\/\/equitas.site\/es\/wp-json\/wp\/v2\/comments?post=4499"}],"version-history":[{"count":1,"href":"https:\/\/equitas.site\/es\/wp-json\/wp\/v2\/pages\/4499\/revisions"}],"predecessor-version":[{"id":4500,"href":"https:\/\/equitas.site\/es\/wp-json\/wp\/v2\/pages\/4499\/revisions\/4500"}],"wp:attachment":[{"href":"https:\/\/equitas.site\/es\/wp-json\/wp\/v2\/media?parent=4499"}],"curies":[{"name":"wp","href":"https:\/\/api.w.org\/{rel}","templated":true}]}}