{"id":4501,"date":"2024-07-17T10:09:52","date_gmt":"2024-07-17T10:09:52","guid":{"rendered":"https:\/\/equitas.site\/informazioni-legali-e-condizioni-duso\/"},"modified":"2024-09-15T22:34:25","modified_gmt":"2024-09-15T22:34:25","slug":"informazioni-legali-e-condizioni-duso","status":"publish","type":"page","link":"https:\/\/equitas.site\/it\/informazioni-legali-e-condizioni-duso\/","title":{"rendered":"Informazioni legali e condizioni d&#8217;uso"},"content":{"rendered":"\n<h3 class=\"wp-block-heading\">1. Informazioni sull&#8217;editore<\/h3>\n\n<p><br\/><br\/><br\/><br\/><br\/>R<strong>agione sociale:<\/strong> Agir d\u00e9fendre contre le racisme et l&#8217;islamophobie<strong>Indirizzo:<\/strong> 10 boulevard de l&#8217;Empereur, 1000 Bruxelles &#8211; Belgio<strong>Numero di<\/strong><strong>telefono:<\/strong> +32 2 315 11 10<strong>Indirizzo<\/strong><strong>e-mail:<\/strong> contact@equitas.site<strong>Forma<\/strong><strong>giuridica:<\/strong> ASBL (Association Sans But Lucratif)<strong>Numero di registrazione della<\/strong><strong>societ\u00e0:<\/strong> BE 0760.873.740<\/p>\n\n<h3 class=\"wp-block-heading\">2. Informazioni sull&#8217;host<\/h3>\n\n<p><br\/>N<strong>ome dell&#8217;host:<\/strong> Contabo GmbH<strong>Indirizzo:<\/strong> Aschauer Strasse 32a, 81549 Monaco, Germania<\/p>\n\n<h3 class=\"wp-block-heading\">3. Direttore della pubblicazione<\/h3>\n\n<p><strong>Nome:<\/strong> Jean-Jacques Megaides<\/p>\n\n<h3 class=\"wp-block-heading\">4. Termini e condizioni generali di utilizzo (GTCU)<\/h3>\n\n<h4 class=\"wp-block-heading\">Condizioni generali per la copertura da parte di Equitas<\/h4>\n\n<p>L&#8217;ufficio legale di Equitas fornisce informazioni, consulenza e assistenza gratuite ai denuncianti che ritengono di essere vittime di discriminazioni legate all&#8217;islamofobia, ovvero tutti gli atti di discriminazione e violenza basati sulla reale o presunta appartenenza alla religione musulmana, come previsto e punito dalla legge.<\/p>\n\n<p>Il Referente \u00e8 la persona che contatta Equitas per via elettronica o telefonica, per ottenere informazioni sui propri diritti, con una richiesta relativa alla situazione di discriminazione sopra descritta.<\/p>\n\n<p>Equitas pu\u00f2 intervenire solo a seguito di una segnalazione diretta da parte di una persona che ritiene di essere vittima di discriminazione e che accetta di rivelare la propria identit\u00e0.\nEquitas non interviene sulla base di segnalazioni anonime. <\/p>\n\n<p>A causa dell&#8217;elevato numero di richieste ricevute da Equitas, e nonostante i suoi sforzi per sostenere le vittime che ne fanno richiesta, verr\u00e0 data priorit\u00e0 alle domande dei richiedenti che hanno sottoscritto un contratto con i partner di Equitas.<\/p>\n\n<p><strong>SI CONVIENE QUANTO SEGUE:<\/strong><\/p>\n\n<p><strong>Articolo 1:<\/strong> In cambio dei servizi di Equitas, il Referente si impegna a fornire all&#8217;Ufficio Legale qualsiasi informazione, documento o altro elemento che possa essere utile per una rapida ed efficiente elaborazione della richiesta e per la risoluzione della controversia, nell&#8217;ambito delle attivit\u00e0 dell&#8217;associazione.\nSe questi elementi non vengono forniti entro 48 ore, Equitas pu\u00f2 interrompere la gestione del caso, senza preavviso.\nIl Referente \u00e8 inoltre tenuto a informare Equitas di qualsiasi sviluppo del caso o di qualsiasi nuovo documento o informazione che possa emergere a seguito del caso.\nLa Parte Referente \u00e8 inoltre tenuta a informare preventivamente Equitas di qualsiasi iniziativa intrapresa di propria iniziativa, in particolare se ha deferito la questione ad altri organi o strutture.\nNel caso in cui il Referente intraprenda iniziative senza informare preventivamente Equitas o senza richiedere la consulenza legale di Equitas, l&#8217;Associazione declina ogni responsabilit\u00e0 per le conseguenze che potrebbero derivarne.    <\/p>\n\n<p>I richiedenti possono scriverci all&#8217;indirizzo contact@equitas.site per seguire l&#8217;andamento del loro caso o per inviarci eventuali reclami.<\/p>\n\n<p>Durante tutti i suoi rapporti con Equitas, il Pignorante \u00e8 tenuto ad essere cortese con il personale dell&#8217;Associazione.\nSe non vengono rispettate le regole di base della correttezza, l&#8217;Associazione pu\u00f2 interrompere ogni contatto con il Richiedente in qualsiasi momento. <\/p>\n\n<p>Il ricorrente si impegna inoltre a non comunicare a terzi il numero di telefono o l&#8217;indirizzo e-mail dell&#8217;avvocato incaricato del suo caso senza il suo preventivo consenso.<\/p>\n\n<p><strong>Articolo 2:<\/strong> Equitas garantisce la riservatezza delle informazioni e dei documenti che le vengono comunicati dal Referente.\nTutti i documenti comunicati da Equitas al Referente, cos\u00ec come tutti gli scambi elettronici con Equitas, in particolare tramite il trasferimento di e-mail redatte da avvocati, non possono essere trasmessi a terzi o pubblicati su social network o qualsiasi altro mezzo, pena la responsabilit\u00e0 di Equitas.\nNel caso in cui il Referente abbia rinviato un caso a un&#8217;altra struttura (associazione, autorit\u00e0 amministrativa, ecc.), dovr\u00e0 informare immediatamente Equitas, sia che tale rinvio sia avvenuto prima o dopo la presa in carico del caso da parte di Equitas. Equitas decider\u00e0 quindi se continuare o meno la sua assistenza.  <\/p>\n\n<p><strong>Articolo 3:<\/strong> Nel caso in cui un&#8217;altra associazione desideri intervenire a fianco del Referente, quest&#8217;ultimo dovr\u00e0 informare immediatamente Equitas, che decider\u00e0, in accordo con il Referente, se rispondere favorevolmente o meno.<\/p>\n\n<p><strong>Articolo 4:<\/strong> In caso di esito sfavorevole e di disaccordo con la Parte Referente, e in assenza di una soluzione amichevole, si applicheranno i termini dell&#8217;Articolo 17.<\/p>\n\n<p><strong>Articolo 5:<\/strong> Il rinvio a un Avvocato pu\u00f2 avvenire solo dopo un esame legale del caso del Referente.\nA seguito di tale esame, l&#8217;ufficio legale decider\u00e0 se indirizzare o meno il Referente a uno degli Avvocati della rete Equitas. <\/p>\n\n<p><strong>Articolo 6:<\/strong> Nel caso in cui il Referente desideri abbandonare qualsiasi azione volta a ristabilire i propri diritti, dovr\u00e0 informare immediatamente l&#8217;Ufficio Legale, che provveder\u00e0 a chiudere il suo fascicolo.<\/p>\n\n<p><strong>Articolo 7:<\/strong> Nel momento in cui la Parte che ha fatto riferimento all&#8217;Avvocato viene messa in contatto con quest&#8217;ultimo, entra in un rapporto di clientela con l&#8217;Avvocato.\nDi conseguenza, concorder\u00e0 con il proprio avvocato l&#8217;importo degli onorari relativi ai servizi di quest&#8217;ultimo.\nLa Parte Pignorante continuer\u00e0 comunque a tenere regolarmente informato l&#8217;ufficio legale di Equitas sull&#8217;andamento del procedimento e su qualsiasi nuova azione o procedimento intrapreso.  <\/p>\n\n<p><strong>Articolo 8:<\/strong> Quando il Referente decide di rendere pubblico il proprio caso direttamente, o attraverso i media e\/o qualsiasi altro mezzo di comunicazione, anche quando questa decisione \u00e8 presa in accordo con il proprio Avvocato, dovr\u00e0 informare senza indugio Equitas e coinvolgerla in questa azione prima di intraprenderla.\nIn caso contrario, Equitas si ritirer\u00e0 dal caso senza preavviso. <\/p>\n\n<p><strong>Articolo 9:<\/strong> Con l&#8217;adesione al presente documento, il Referente accetta che l&#8217;Avvocato possa comunicare ad Equitas gli atti compiuti nell&#8217;ambito della suddetta controversia, fermo restando il segreto professionale cui l&#8217;Avvocato \u00e8 soggetto.<\/p>\n\n<p><strong>Articolo 10:<\/strong> Con la ratifica del presente documento, la Parte Referente si impegna a comunicare qualsiasi documento direttamente o indirettamente relativo al caso per il quale l&#8217;Avvocato \u00e8 stato incaricato e che \u00e8 oggetto del presente documento e garantisce che i documenti comunicati all&#8217;Avvocato sono stati ottenuti in modo corretto e legale.<\/p>\n\n<p><strong>Articolo 11:<\/strong> Il ricorrente sar\u00e0 ricevuto dall&#8217;Avvocato secondo le modalit\u00e0 concordate con il suo legale.\nSe non pu\u00f2 essere presente, deve informare l&#8217;Avvocato per telefono, fax, e-mail o posta 48 ore prima dell&#8217;appuntamento. <\/p>\n\n<p><strong>Articolo 12:<\/strong> La Parte Sequestrante si asterr\u00e0 dal produrre in Tribunale o davanti a terzi qualsiasi documento che non abbia prima presentato all&#8217;Avvocato.<\/p>\n\n<p><strong>Articolo 13:<\/strong> In caso di disaccordo con l&#8217;Avvocato, questi informer\u00e0 immediatamente l&#8217;ufficio legale di Equitas, che potr\u00e0 agire come mediatore, senza essere vincolato da alcun obbligo di risultato.<\/p>\n\n<p><strong>Articolo 14:<\/strong> Nel caso in cui il Referente intenda sostituire volontariamente il proprio consulente iniziale con un altro avvocato o qualsiasi altra persona, dovr\u00e0 informare immediatamente l&#8217;Avvocato e l&#8217;ufficio legale di Equitas e rimarr\u00e0 vincolato alle condizioni contrattuali stabilite in questo caso dall&#8217;accordo che avr\u00e0 ratificato.<\/p>\n\n<p><strong>Articolo 15:<\/strong> Qualsiasi clausola del presente documento che possa essere interpretata come contraddittoria o equivoca rispetto alle clausole del contratto di onorario stipulato con l&#8217;Avvocato non avr\u00e0 la precedenza su quest&#8217;ultimo.<\/p>\n\n<p><strong>Articolo 16:<\/strong> Il Ricorrente \u00e8 informato che qualsiasi inadempimento da parte dell&#8217;Avvocato, dovuto a un fattore esterno e\/o insormontabile per l&#8217;Avvocato e\/o Equitas, non sar\u00e0 opponibile all&#8217;Associazione e quest&#8217;ultima non sar\u00e0 ritenuta responsabile.<\/p>\n\n<p><strong>Articolo 17:<\/strong> Il Referente \u00e8 informato che qualsiasi controversia che dovesse sorgere tra lui\/lei ed Equitas, in assenza di una soluzione amichevole, comporter\u00e0 l&#8217;archiviazione automatica e informale del suo caso.<\/p>\n","protected":false},"excerpt":{"rendered":"<p>1. Informazioni sull&#8217;editore Ragione sociale: Agir d\u00e9fendre contre le racisme et l&#8217;islamophobieIndirizzo: 10 boulevard de l&#8217;Empereur, 1000 Bruxelles &#8211; BelgioNumero ditelefono: +32 2 315 11 10Indirizzoe-mail: contact@equitas.siteFormagiuridica: ASBL (Association Sans But Lucratif)Numero di registrazione dellasociet\u00e0: BE 0760.873.740 2. Informazioni sull&#8217;host Nome dell&#8217;host: Contabo GmbHIndirizzo: Aschauer Strasse 32a, 81549 Monaco, Germania 3. Direttore della pubblicazione Nome: [&hellip;]<\/p>\n","protected":false},"author":1,"featured_media":0,"parent":0,"menu_order":0,"comment_status":"closed","ping_status":"closed","template":"","meta":{"footnotes":""},"class_list":["post-4501","page","type-page","status-publish","hentry"],"yoast_head":"<!-- This site is optimized with the Yoast SEO plugin v27.1.1 - https:\/\/yoast.com\/product\/yoast-seo-wordpress\/ -->\n<title>Informazioni legali e condizioni d&#039;uso - Equitas<\/title>\n<meta name=\"robots\" content=\"index, follow, max-snippet:-1, max-image-preview:large, max-video-preview:-1\" \/>\n<link rel=\"canonical\" href=\"https:\/\/equitas.site\/it\/informazioni-legali-e-condizioni-duso\/\" \/>\n<meta property=\"og:locale\" content=\"it_IT\" \/>\n<meta property=\"og:type\" content=\"article\" \/>\n<meta property=\"og:title\" content=\"Informazioni legali e condizioni d&#039;uso - Equitas\" \/>\n<meta property=\"og:description\" content=\"1. Informazioni sull&#8217;editore Ragione sociale: Agir d\u00e9fendre contre le racisme et l&#8217;islamophobieIndirizzo: 10 boulevard de l&#8217;Empereur, 1000 Bruxelles &#8211; BelgioNumero ditelefono: +32 2 315 11 10Indirizzoe-mail: contact@equitas.siteFormagiuridica: ASBL (Association Sans But Lucratif)Numero di registrazione dellasociet\u00e0: BE 0760.873.740 2. Informazioni sull&#8217;host Nome dell&#8217;host: Contabo GmbHIndirizzo: Aschauer Strasse 32a, 81549 Monaco, Germania 3. Direttore della pubblicazione Nome: [&hellip;]\" \/>\n<meta property=\"og:url\" content=\"https:\/\/equitas.site\/it\/informazioni-legali-e-condizioni-duso\/\" \/>\n<meta property=\"og:site_name\" content=\"Equitas\" \/>\n<meta property=\"article:modified_time\" content=\"2024-09-15T22:34:25+00:00\" \/>\n<meta name=\"twitter:card\" content=\"summary_large_image\" \/>\n<meta name=\"twitter:label1\" content=\"Tempo di lettura stimato\" \/>\n\t<meta name=\"twitter:data1\" content=\"5 minuti\" \/>\n<script type=\"application\/ld+json\" class=\"yoast-schema-graph\">{\"@context\":\"https:\/\/schema.org\",\"@graph\":[{\"@type\":\"WebPage\",\"@id\":\"https:\/\/equitas.site\/it\/informazioni-legali-e-condizioni-duso\/\",\"url\":\"https:\/\/equitas.site\/it\/informazioni-legali-e-condizioni-duso\/\",\"name\":\"Informazioni legali e condizioni d'uso - Equitas\",\"isPartOf\":{\"@id\":\"https:\/\/equitas.site\/#website\"},\"datePublished\":\"2024-07-17T10:09:52+00:00\",\"dateModified\":\"2024-09-15T22:34:25+00:00\",\"breadcrumb\":{\"@id\":\"https:\/\/equitas.site\/it\/informazioni-legali-e-condizioni-duso\/#breadcrumb\"},\"inLanguage\":\"it-IT\",\"potentialAction\":[{\"@type\":\"ReadAction\",\"target\":[\"https:\/\/equitas.site\/it\/informazioni-legali-e-condizioni-duso\/\"]}]},{\"@type\":\"BreadcrumbList\",\"@id\":\"https:\/\/equitas.site\/it\/informazioni-legali-e-condizioni-duso\/#breadcrumb\",\"itemListElement\":[{\"@type\":\"ListItem\",\"position\":1,\"name\":\"Accueil\",\"item\":\"https:\/\/equitas.site\/da\/\"},{\"@type\":\"ListItem\",\"position\":2,\"name\":\"Informazioni legali e condizioni d&#8217;uso\"}]},{\"@type\":\"WebSite\",\"@id\":\"https:\/\/equitas.site\/#website\",\"url\":\"https:\/\/equitas.site\/\",\"name\":\"Equitas\",\"description\":\"Your shield against hate.\",\"publisher\":{\"@id\":\"https:\/\/equitas.site\/#organization\"},\"potentialAction\":[{\"@type\":\"SearchAction\",\"target\":{\"@type\":\"EntryPoint\",\"urlTemplate\":\"https:\/\/equitas.site\/?s={search_term_string}\"},\"query-input\":{\"@type\":\"PropertyValueSpecification\",\"valueRequired\":true,\"valueName\":\"search_term_string\"}}],\"inLanguage\":\"it-IT\"},{\"@type\":\"Organization\",\"@id\":\"https:\/\/equitas.site\/#organization\",\"name\":\"Equitas\",\"url\":\"https:\/\/equitas.site\/\",\"logo\":{\"@type\":\"ImageObject\",\"inLanguage\":\"it-IT\",\"@id\":\"https:\/\/equitas.site\/#\/schema\/logo\/image\/\",\"url\":\"https:\/\/equitas.site\/wp-content\/uploads\/2024\/03\/Groupe-2.png\",\"contentUrl\":\"https:\/\/equitas.site\/wp-content\/uploads\/2024\/03\/Groupe-2.png\",\"width\":188,\"height\":44,\"caption\":\"Equitas\"},\"image\":{\"@id\":\"https:\/\/equitas.site\/#\/schema\/logo\/image\/\"}}]}<\/script>\n<!-- \/ Yoast SEO plugin. -->","yoast_head_json":{"title":"Informazioni legali e condizioni d'uso - Equitas","robots":{"index":"index","follow":"follow","max-snippet":"max-snippet:-1","max-image-preview":"max-image-preview:large","max-video-preview":"max-video-preview:-1"},"canonical":"https:\/\/equitas.site\/it\/informazioni-legali-e-condizioni-duso\/","og_locale":"it_IT","og_type":"article","og_title":"Informazioni legali e condizioni d'uso - Equitas","og_description":"1. Informazioni sull&#8217;editore Ragione sociale: Agir d\u00e9fendre contre le racisme et l&#8217;islamophobieIndirizzo: 10 boulevard de l&#8217;Empereur, 1000 Bruxelles &#8211; BelgioNumero ditelefono: +32 2 315 11 10Indirizzoe-mail: contact@equitas.siteFormagiuridica: ASBL (Association Sans But Lucratif)Numero di registrazione dellasociet\u00e0: BE 0760.873.740 2. Informazioni sull&#8217;host Nome dell&#8217;host: Contabo GmbHIndirizzo: Aschauer Strasse 32a, 81549 Monaco, Germania 3. Direttore della pubblicazione Nome: [&hellip;]","og_url":"https:\/\/equitas.site\/it\/informazioni-legali-e-condizioni-duso\/","og_site_name":"Equitas","article_modified_time":"2024-09-15T22:34:25+00:00","twitter_card":"summary_large_image","twitter_misc":{"Tempo di lettura stimato":"5 minuti"},"schema":{"@context":"https:\/\/schema.org","@graph":[{"@type":"WebPage","@id":"https:\/\/equitas.site\/it\/informazioni-legali-e-condizioni-duso\/","url":"https:\/\/equitas.site\/it\/informazioni-legali-e-condizioni-duso\/","name":"Informazioni legali e condizioni d'uso - Equitas","isPartOf":{"@id":"https:\/\/equitas.site\/#website"},"datePublished":"2024-07-17T10:09:52+00:00","dateModified":"2024-09-15T22:34:25+00:00","breadcrumb":{"@id":"https:\/\/equitas.site\/it\/informazioni-legali-e-condizioni-duso\/#breadcrumb"},"inLanguage":"it-IT","potentialAction":[{"@type":"ReadAction","target":["https:\/\/equitas.site\/it\/informazioni-legali-e-condizioni-duso\/"]}]},{"@type":"BreadcrumbList","@id":"https:\/\/equitas.site\/it\/informazioni-legali-e-condizioni-duso\/#breadcrumb","itemListElement":[{"@type":"ListItem","position":1,"name":"Accueil","item":"https:\/\/equitas.site\/da\/"},{"@type":"ListItem","position":2,"name":"Informazioni legali e condizioni d&#8217;uso"}]},{"@type":"WebSite","@id":"https:\/\/equitas.site\/#website","url":"https:\/\/equitas.site\/","name":"Equitas","description":"Your shield against hate.","publisher":{"@id":"https:\/\/equitas.site\/#organization"},"potentialAction":[{"@type":"SearchAction","target":{"@type":"EntryPoint","urlTemplate":"https:\/\/equitas.site\/?s={search_term_string}"},"query-input":{"@type":"PropertyValueSpecification","valueRequired":true,"valueName":"search_term_string"}}],"inLanguage":"it-IT"},{"@type":"Organization","@id":"https:\/\/equitas.site\/#organization","name":"Equitas","url":"https:\/\/equitas.site\/","logo":{"@type":"ImageObject","inLanguage":"it-IT","@id":"https:\/\/equitas.site\/#\/schema\/logo\/image\/","url":"https:\/\/equitas.site\/wp-content\/uploads\/2024\/03\/Groupe-2.png","contentUrl":"https:\/\/equitas.site\/wp-content\/uploads\/2024\/03\/Groupe-2.png","width":188,"height":44,"caption":"Equitas"},"image":{"@id":"https:\/\/equitas.site\/#\/schema\/logo\/image\/"}}]}},"_links":{"self":[{"href":"https:\/\/equitas.site\/it\/wp-json\/wp\/v2\/pages\/4501","targetHints":{"allow":["GET"]}}],"collection":[{"href":"https:\/\/equitas.site\/it\/wp-json\/wp\/v2\/pages"}],"about":[{"href":"https:\/\/equitas.site\/it\/wp-json\/wp\/v2\/types\/page"}],"author":[{"embeddable":true,"href":"https:\/\/equitas.site\/it\/wp-json\/wp\/v2\/users\/1"}],"replies":[{"embeddable":true,"href":"https:\/\/equitas.site\/it\/wp-json\/wp\/v2\/comments?post=4501"}],"version-history":[{"count":1,"href":"https:\/\/equitas.site\/it\/wp-json\/wp\/v2\/pages\/4501\/revisions"}],"predecessor-version":[{"id":4502,"href":"https:\/\/equitas.site\/it\/wp-json\/wp\/v2\/pages\/4501\/revisions\/4502"}],"wp:attachment":[{"href":"https:\/\/equitas.site\/it\/wp-json\/wp\/v2\/media?parent=4501"}],"curies":[{"name":"wp","href":"https:\/\/api.w.org\/{rel}","templated":true}]}}