{"id":4497,"date":"2024-07-17T10:09:52","date_gmt":"2024-07-17T10:09:52","guid":{"rendered":"https:\/\/equitas.site\/yasal-bilgiler-ve-kullanim-kosullari\/"},"modified":"2024-09-15T22:34:25","modified_gmt":"2024-09-15T22:34:25","slug":"yasal-bilgiler-ve-kullanim-kosullari","status":"publish","type":"page","link":"https:\/\/equitas.site\/tr\/yasal-bilgiler-ve-kullanim-kosullari\/","title":{"rendered":"Yasal bilgiler ve kullan\u0131m ko\u015fullar\u0131"},"content":{"rendered":"\n<h3 class=\"wp-block-heading\">1. Yay\u0131nc\u0131 bilgileri<\/h3>\n\n<p><br\/><br\/><br\/><br\/><br\/>\u015eirket ad\u0131: <strong> Agir d\u00e9fendre contre le racisme et l&#8217;islamophobie<strong>Adres:<\/strong> 10 boulevard de l&#8217;Empereur, 1000 Brussels &#8211; Belgium<strong>Telefon numaras\u0131<\/strong><strong>:<\/strong> +32 2 315 11 10<strong>E-posta adresi<\/strong><strong>:<\/strong> contact@equitas.site<strong>Yasal \u015fekli:<\/strong> ASBL (Association Sans But Lucratif)<strong>\u015eirket kay\u0131t<\/strong><strong>numaras\u0131<\/strong><strong>:<\/strong> BE 0760.873.740<\/strong><\/p>\n\n<h3 class=\"wp-block-heading\">2. Ev Sahibi Hakk\u0131nda Bilgi<\/h3>\n\n<p><br\/>E<strong>v sahibinin ad\u0131:<\/strong> Contabo GmbH<strong>Adres:<\/strong> Aschauer Strasse 32a, 81549 M\u00fcnih, Almanya<\/p>\n\n<h3 class=\"wp-block-heading\">3. Yay\u0131n Direkt\u00f6r\u00fc<\/h3>\n\n<p><strong>\u0130sim:<\/strong> Jean-Jacques Megaides<\/p>\n\n<h3 class=\"wp-block-heading\">4. Genel Kullan\u0131m H\u00fck\u00fcm ve Ko\u015fullar\u0131 (GTCU)<\/h3>\n\n<h4 class=\"wp-block-heading\">Equitas taraf\u0131ndan sa\u011flanan teminat i\u00e7in genel \u015fartlar ve ko\u015fullar<\/h4>\n\n<p>Equitas&#8217;\u0131n hukuk departman\u0131, \u0130slamofobi ile ba\u011flant\u0131l\u0131 ayr\u0131mc\u0131l\u0131k ma\u011fduru olduklar\u0131n\u0131 d\u00fc\u015f\u00fcnen \u015fikayet sahiplerine, yani yasalarca \u00f6ng\u00f6r\u00fclen ve cezaland\u0131r\u0131lan M\u00fcsl\u00fcman dinine ger\u00e7ek veya varsay\u0131lan mensubiyet temelinde yap\u0131lan t\u00fcm ayr\u0131mc\u0131l\u0131k ve \u015fiddet eylemlerine kar\u015f\u0131 \u00fccretsiz bilgi, tavsiye ve yard\u0131m sa\u011flamaktad\u0131r.<\/p>\n\n<p>Y\u00f6nlendiren Taraf, yukar\u0131da a\u00e7\u0131klanan ayr\u0131mc\u0131l\u0131k durumuyla ilgili bir taleple, haklar\u0131 hakk\u0131nda bilgi almak i\u00e7in Equitas ile elektronik ortamda veya telefonla ileti\u015fime ge\u00e7en ki\u015fidir.<\/p>\n\n<p>Equitas, yaln\u0131zca ayr\u0131mc\u0131l\u0131k ma\u011fduru oldu\u011funa inanan ve kimli\u011fini a\u00e7\u0131klamay\u0131 kabul eden bir ki\u015finin do\u011frudan y\u00f6nlendirmesi \u00fczerine m\u00fcdahale edebilir.\nEquitas, isimsiz raporlara dayanarak m\u00fcdahale etmez. <\/p>\n\n<p>Equitas&#8217;\u0131n ald\u0131\u011f\u0131 \u00e7ok say\u0131da talep nedeniyle ve kendisine ba\u015fvuran ma\u011fdurlar\u0131 desteklemek i\u00e7in en iyi \u00e7abay\u0131 g\u00f6stermesine ra\u011fmen, Equitas&#8217;\u0131n ortaklar\u0131na kaydolan ba\u015fvuru sahiplerinin ba\u015fvurular\u0131na \u00f6ncelik verilecektir.<\/p>\n\n<p><strong>A\u015eA\u011eIDAKI \u015eEKILDE ANLA\u015eMAYA VARILMI\u015eTIR:<\/strong><\/p>\n\n<p><strong>Madde 1:<\/strong> Equitas&#8217;\u0131n hizmetleri kar\u015f\u0131l\u0131\u011f\u0131nda, Y\u00f6nlendiren Taraf, Hukuk Departman\u0131na, derne\u011fin faaliyetleri kapsam\u0131nda, talebin h\u0131zl\u0131 ve etkin bir \u015fekilde i\u015flenmesi ve uyu\u015fmazl\u0131\u011f\u0131n \u00e7\u00f6z\u00fcm\u00fc i\u00e7in yararl\u0131 olabilecek her t\u00fcrl\u00fc bilgi, belge veya di\u011fer \u00f6\u011feleri sa\u011flamay\u0131 taahh\u00fct eder.\nBu \u00f6\u011feler 48 saat i\u00e7inde sa\u011flanmazsa, Equitas \u00f6nceden haber vermeksizin davay\u0131 ele almay\u0131 sonland\u0131rabilir.\nY\u00f6nlendiren Taraf ayr\u0131ca Equitas&#8217;\u0131 davadaki her t\u00fcrl\u00fc geli\u015fmeden veya dava sonucunda ortaya \u00e7\u0131kabilecek her t\u00fcrl\u00fc yeni belge veya bilgiden haberdar etmekle y\u00fck\u00fcml\u00fcd\u00fcr.\nY\u00f6nlendiren Taraf ayr\u0131ca, \u00f6zellikle konuyu ba\u015fka organlara veya yap\u0131lara havale etmi\u015fse, kendi inisiyatifiyle att\u0131\u011f\u0131 ad\u0131mlar hakk\u0131nda Equitas&#8217;\u0131 \u00f6nceden bilgilendirmekle y\u00fck\u00fcml\u00fcd\u00fcr.\nY\u00f6nlendiren Taraf\u0131n Equitas&#8217;\u0131 \u00f6nceden bilgilendirmeden veya Equitas&#8217;tan hukuki tavsiye almadan ad\u0131mlar atmas\u0131 durumunda, Birlik ortaya \u00e7\u0131kabilecek sonu\u00e7larla ilgili t\u00fcm sorumlulu\u011fu reddeder.    <\/p>\n\n<p>Ba\u015fvuru sahipleri, davalar\u0131n\u0131n ilerleyi\u015fini takip etmek i\u00e7in bize contact@equitas.site adresinden yazabilir veya herhangi bir \u015fikayetlerini bize iletebilirler.<\/p>\n\n<p>Equitas ile olan ili\u015fkileri boyunca, El Koyan Taraf\u0131n Birlik personeline kar\u015f\u0131 nazik olmas\u0131 gerekmektedir.\nTemel do\u011fruluk kurallar\u0131na uyulmamas\u0131 halinde Birlik, Ba\u015fvuru Sahibiyle olan t\u00fcm ileti\u015fimini istedi\u011fi zaman kesebilir. <\/p>\n\n<p>Temyiz Eden ayr\u0131ca, \u00f6nceden onay\u0131 al\u0131nmaks\u0131z\u0131n davas\u0131ndan sorumlu avukat\u0131n telefon numaras\u0131n\u0131 veya e-posta adresini \u00fc\u00e7\u00fcnc\u00fc bir tarafa iletmemeyi taahh\u00fct eder.<\/p>\n\n<p><strong>Madde 2:<\/strong> Equitas, Y\u00f6nlendiren Taraf\u00e7a kendisine iletilen bilgi ve belgelerin gizlili\u011fini garanti eder.\nEquitas taraf\u0131ndan Y\u00f6nlendiren Tarafa iletilen t\u00fcm belgeler ve Equitas ile yap\u0131lan t\u00fcm elektronik al\u0131\u015fveri\u015fler, \u00f6zellikle avukatlar taraf\u0131ndan haz\u0131rlanan e-postalar\u0131n aktar\u0131lmas\u0131 yoluyla, \u00fc\u00e7\u00fcnc\u00fc \u015fah\u0131slara iletilemez veya sosyal a\u011flarda veya ba\u015fka herhangi bir ortamda yay\u0131nlanamaz, aksi takdirde Equitas sorumlu tutulacakt\u0131r.\nY\u00f6nlendiren Taraf\u0131n bir davay\u0131 ba\u015fka bir yap\u0131ya (dernek, idari makam vb.) y\u00f6nlendirmesi durumunda, bu y\u00f6nlendirme Equitas&#8217;\u0131n davay\u0131 \u00fcstlenmesinden \u00f6nce veya sonra yap\u0131lm\u0131\u015f olsun, derhal Equitas&#8217;\u0131 bilgilendirecektir. Equitas daha sonra yard\u0131m\u0131na devam edip etmeyece\u011fine karar verecektir.  <\/p>\n\n<p><strong>Madde 3:<\/strong> Ba\u015fka bir derne\u011fin Y\u00f6nlendiren Taraf\u0131n yan\u0131nda m\u00fcdahale etmek istemesi durumunda, bu dernek Equitas&#8217;\u0131 derhal bilgilendirecek ve Equitas da Y\u00f6nlendiren Taraf ile mutab\u0131k kalarak olumlu yan\u0131t verip vermeyece\u011fine karar verecektir.<\/p>\n\n<p><strong>Madde 4:<\/strong> Olumsuz bir sonu\u00e7 ve Ba\u015fvuran Taraf ile anla\u015fmazl\u0131k durumunda ve dostane bir \u00e7\u00f6z\u00fcm bulunamamas\u0131 halinde, 17. Madde h\u00fck\u00fcmleri uygulan\u0131r.<\/p>\n\n<p><strong>Madde 5:<\/strong> Bir Avukata y\u00f6nlendirme ancak Y\u00f6nlendirilen Taraf\u0131n davas\u0131n\u0131n hukuki incelemesinden sonra yap\u0131labilir.\nBu incelemenin ard\u0131ndan hukuk departman\u0131, Y\u00f6nlendiren Taraf\u0131 Equitas a\u011f\u0131ndaki Avukatlardan birine y\u00f6nlendirip y\u00f6nlendirmemeye karar verecektir. <\/p>\n\n<p><strong>Madde 6:<\/strong> Ba\u015fvuran Taraf, haklar\u0131n\u0131n yeniden tesis edilmesine y\u00f6nelik herhangi bir i\u015flemden vazge\u00e7mek istemesi halinde, derhal Hukuk Departman\u0131na bildirimde bulunacak ve Hukuk Departman\u0131 da dosyas\u0131n\u0131 kapatacakt\u0131r.<\/p>\n\n<p><strong>Madde 7:<\/strong> Y\u00f6nlendiren Taraf Avukat ile temasa ge\u00e7ti\u011finde, bir m\u00fcvekkil\/avukat ili\u015fkisine girer.\nSonu\u00e7 olarak, avukat\u0131n\u0131n hizmetlerine ili\u015fkin \u00fccret miktar\u0131n\u0131 avukat\u0131yla kararla\u015ft\u0131racakt\u0131r.\nBununla birlikte, El Koyan Taraf, Equitas&#8217;\u0131n hukuk departman\u0131n\u0131 yarg\u0131laman\u0131n ilerleyi\u015fi ve \u00fcstlenilen herhangi bir yeni eylem veya i\u015flem hakk\u0131nda d\u00fczenli olarak bilgilendirmeye devam edecektir.  <\/p>\n\n<p><strong>Madde 8:<\/strong> Ba\u015fvuran Taraf, davas\u0131n\u0131 do\u011frudan veya medya ve\/veya di\u011fer herhangi bir ileti\u015fim arac\u0131 yoluyla kamuoyuna duyurmaya karar verdi\u011finde, bu karar Avukat\u0131yla mutab\u0131k kal\u0131narak al\u0131nd\u0131\u011f\u0131nda da dahil olmak \u00fczere, gecikmeksizin Equitas&#8217;\u0131 bilgilendirecek ve bu eylemi ger\u00e7ekle\u015ftirmeden \u00f6nce Equitas&#8217;\u0131 bu eyleme dahil edecektir.\nAksi takdirde, Equitas \u00f6nceden haber vermeksizin davadan \u00e7ekilecektir. <\/p>\n\n<p><strong>Madde 9:<\/strong> \u0130\u015fbu belgeye ba\u011fl\u0131 kalarak, Ba\u015fvuran Taraf, Avukat\u0131n tabi oldu\u011fu mesleki gizlili\u011fe halel getirmeksizin, Avukat\u0131n yukar\u0131da bahsi ge\u00e7en uyu\u015fmazl\u0131k ba\u011flam\u0131nda ger\u00e7ekle\u015ftirdi\u011fi eylemleri Equitas&#8217;a iletebilece\u011fini kabul eder.<\/p>\n\n<p><strong>Madde 10:<\/strong> \u0130\u015fbu belgeyi onaylayarak, Y\u00f6nlendiren Taraf, Avukat\u0131n g\u00f6revlendirildi\u011fi ve i\u015fbu belgenin konusu olan dava ile do\u011frudan veya dolayl\u0131 olarak ilgili her t\u00fcrl\u00fc belgeyi iletmeyi taahh\u00fct eder ve Avukata iletilen belgelerin adil ve yasalara uygun bir \u015fekilde elde edildi\u011fini garanti eder.<\/p>\n\n<p><strong>Madde 11:<\/strong> Temyiz ba\u015fvurusunda bulunan ki\u015fi, avukat\u0131 ile mutab\u0131k kal\u0131nan \u015fartlara uygun olarak Avukat taraf\u0131ndan kabul edilecektir.\nE\u011fer gelemeyecekse, randevudan 48 saat \u00f6nce telefon, faks, e-posta veya posta yoluyla Avukat\u0131 bilgilendirmelidir. <\/p>\n\n<p><strong>Madde 12:<\/strong> Elkoyan Taraf, daha \u00f6nce Avukata sunmad\u0131\u011f\u0131 herhangi bir belgeyi Mahkemede veya herhangi bir \u00fc\u00e7\u00fcnc\u00fc taraf \u00f6n\u00fcnde ibraz etmekten ka\u00e7\u0131nacakt\u0131r.<\/p>\n\n<p><strong>Madde 13:<\/strong> Avukat ile bir anla\u015fmazl\u0131k olmas\u0131 durumunda, Avukat, herhangi bir sonu\u00e7 y\u00fck\u00fcml\u00fcl\u00fc\u011f\u00fcne ba\u011fl\u0131 olmaks\u0131z\u0131n, arabulucu olarak hareket edebilecek Equitas hukuk departman\u0131n\u0131 derhal bilgilendirecektir.<\/p>\n\n<p><strong>Madde 14:<\/strong> Y\u00f6nlendiren Taraf\u0131n kendi iste\u011fiyle ilk avukat\u0131n\u0131 ba\u015fka bir avukatla veya ba\u015fka bir ki\u015fiyle de\u011fi\u015ftirmek istemesi durumunda, derhal Avukat\u0131 ve Equitas hukuk departman\u0131n\u0131 bilgilendirecek ve bu durumda onaylayaca\u011f\u0131 s\u00f6zle\u015fmeyle belirlenen s\u00f6zle\u015fme ko\u015fullar\u0131na ba\u011fl\u0131 kalacakt\u0131r.<\/p>\n\n<p><strong>Madde 15:<\/strong> Burada yer alan ve Avukat ile akdedilen \u00fccret s\u00f6zle\u015fmesinin h\u00fck\u00fcmleri ile \u00e7eli\u015fkili veya mu\u011flak olarak yorumlanabilecek herhangi bir h\u00fck\u00fcm, ikincisine g\u00f6re \u00f6ncelikli olmayacakt\u0131r.<\/p>\n\n<p><strong>Madde 16:<\/strong> Y\u00f6nlendiren Taraf, Avukat ve\/veya Equitas i\u00e7in harici ve\/veya a\u015f\u0131lamaz bir fakt\u00f6r nedeniyle Avukat\u0131n herhangi bir ba\u015far\u0131s\u0131zl\u0131\u011f\u0131n\u0131n Birli\u011fe kar\u015f\u0131 uygulanamayaca\u011f\u0131 ve Birli\u011fin sorumlu tutulamayaca\u011f\u0131 konusunda bilgilendirilir.<\/p>\n\n<p><strong>Madde 17:<\/strong> Ba\u015fvuran Taraf, kendisi ile Equitas aras\u0131nda ortaya \u00e7\u0131kan herhangi bir anla\u015fmazl\u0131\u011f\u0131n, dostane bir \u00e7\u00f6z\u00fcm bulunmamas\u0131 halinde, davas\u0131n\u0131n otomatik ve gayri resmi olarak reddedilmesiyle sonu\u00e7lanaca\u011f\u0131 konusunda bilgilendirilir.<\/p>\n","protected":false},"excerpt":{"rendered":"<p>1. Yay\u0131nc\u0131 bilgileri \u015eirket ad\u0131: Agir d\u00e9fendre contre le racisme et l&#8217;islamophobieAdres: 10 boulevard de l&#8217;Empereur, 1000 Brussels &#8211; BelgiumTelefon numaras\u0131: +32 2 315 11 10E-posta adresi: contact@equitas.siteYasal \u015fekli: ASBL (Association Sans But Lucratif)\u015eirket kay\u0131tnumaras\u0131: BE 0760.873.740 2. Ev Sahibi Hakk\u0131nda Bilgi Ev sahibinin ad\u0131: Contabo GmbHAdres: Aschauer Strasse 32a, 81549 M\u00fcnih, Almanya 3. Yay\u0131n [&hellip;]<\/p>\n","protected":false},"author":1,"featured_media":0,"parent":0,"menu_order":0,"comment_status":"closed","ping_status":"closed","template":"","meta":{"footnotes":""},"class_list":["post-4497","page","type-page","status-publish","hentry"],"yoast_head":"<!-- This site is optimized with the Yoast SEO plugin v27.1.1 - https:\/\/yoast.com\/product\/yoast-seo-wordpress\/ -->\n<title>Yasal bilgiler ve kullan\u0131m ko\u015fullar\u0131 - Equitas<\/title>\n<meta name=\"robots\" content=\"index, follow, max-snippet:-1, max-image-preview:large, max-video-preview:-1\" \/>\n<link rel=\"canonical\" href=\"https:\/\/equitas.site\/tr\/yasal-bilgiler-ve-kullanim-kosullari\/\" \/>\n<meta property=\"og:locale\" content=\"tr_TR\" \/>\n<meta property=\"og:type\" content=\"article\" \/>\n<meta property=\"og:title\" content=\"Yasal bilgiler ve kullan\u0131m ko\u015fullar\u0131 - Equitas\" \/>\n<meta property=\"og:description\" content=\"1. Yay\u0131nc\u0131 bilgileri \u015eirket ad\u0131: Agir d\u00e9fendre contre le racisme et l&#8217;islamophobieAdres: 10 boulevard de l&#8217;Empereur, 1000 Brussels &#8211; BelgiumTelefon numaras\u0131: +32 2 315 11 10E-posta adresi: contact@equitas.siteYasal \u015fekli: ASBL (Association Sans But Lucratif)\u015eirket kay\u0131tnumaras\u0131: BE 0760.873.740 2. Ev Sahibi Hakk\u0131nda Bilgi Ev sahibinin ad\u0131: Contabo GmbHAdres: Aschauer Strasse 32a, 81549 M\u00fcnih, Almanya 3. Yay\u0131n [&hellip;]\" \/>\n<meta property=\"og:url\" content=\"https:\/\/equitas.site\/tr\/yasal-bilgiler-ve-kullanim-kosullari\/\" \/>\n<meta property=\"og:site_name\" content=\"Equitas\" \/>\n<meta property=\"article:modified_time\" content=\"2024-09-15T22:34:25+00:00\" \/>\n<meta name=\"twitter:card\" content=\"summary_large_image\" \/>\n<meta name=\"twitter:label1\" content=\"Tahmini okuma s\u00fcresi\" \/>\n\t<meta name=\"twitter:data1\" content=\"6 dakika\" \/>\n<script type=\"application\/ld+json\" class=\"yoast-schema-graph\">{\"@context\":\"https:\/\/schema.org\",\"@graph\":[{\"@type\":\"WebPage\",\"@id\":\"https:\/\/equitas.site\/tr\/yasal-bilgiler-ve-kullanim-kosullari\/\",\"url\":\"https:\/\/equitas.site\/tr\/yasal-bilgiler-ve-kullanim-kosullari\/\",\"name\":\"Yasal bilgiler ve kullan\u0131m ko\u015fullar\u0131 - Equitas\",\"isPartOf\":{\"@id\":\"https:\/\/equitas.site\/#website\"},\"datePublished\":\"2024-07-17T10:09:52+00:00\",\"dateModified\":\"2024-09-15T22:34:25+00:00\",\"breadcrumb\":{\"@id\":\"https:\/\/equitas.site\/tr\/yasal-bilgiler-ve-kullanim-kosullari\/#breadcrumb\"},\"inLanguage\":\"tr\",\"potentialAction\":[{\"@type\":\"ReadAction\",\"target\":[\"https:\/\/equitas.site\/tr\/yasal-bilgiler-ve-kullanim-kosullari\/\"]}]},{\"@type\":\"BreadcrumbList\",\"@id\":\"https:\/\/equitas.site\/tr\/yasal-bilgiler-ve-kullanim-kosullari\/#breadcrumb\",\"itemListElement\":[{\"@type\":\"ListItem\",\"position\":1,\"name\":\"Accueil\",\"item\":\"https:\/\/equitas.site\/da\/\"},{\"@type\":\"ListItem\",\"position\":2,\"name\":\"Yasal bilgiler ve kullan\u0131m ko\u015fullar\u0131\"}]},{\"@type\":\"WebSite\",\"@id\":\"https:\/\/equitas.site\/#website\",\"url\":\"https:\/\/equitas.site\/\",\"name\":\"Equitas\",\"description\":\"Your shield against hate.\",\"publisher\":{\"@id\":\"https:\/\/equitas.site\/#organization\"},\"potentialAction\":[{\"@type\":\"SearchAction\",\"target\":{\"@type\":\"EntryPoint\",\"urlTemplate\":\"https:\/\/equitas.site\/?s={search_term_string}\"},\"query-input\":{\"@type\":\"PropertyValueSpecification\",\"valueRequired\":true,\"valueName\":\"search_term_string\"}}],\"inLanguage\":\"tr\"},{\"@type\":\"Organization\",\"@id\":\"https:\/\/equitas.site\/#organization\",\"name\":\"Equitas\",\"url\":\"https:\/\/equitas.site\/\",\"logo\":{\"@type\":\"ImageObject\",\"inLanguage\":\"tr\",\"@id\":\"https:\/\/equitas.site\/#\/schema\/logo\/image\/\",\"url\":\"https:\/\/equitas.site\/wp-content\/uploads\/2024\/03\/Groupe-2.png\",\"contentUrl\":\"https:\/\/equitas.site\/wp-content\/uploads\/2024\/03\/Groupe-2.png\",\"width\":188,\"height\":44,\"caption\":\"Equitas\"},\"image\":{\"@id\":\"https:\/\/equitas.site\/#\/schema\/logo\/image\/\"}}]}<\/script>\n<!-- \/ Yoast SEO plugin. -->","yoast_head_json":{"title":"Yasal bilgiler ve kullan\u0131m ko\u015fullar\u0131 - Equitas","robots":{"index":"index","follow":"follow","max-snippet":"max-snippet:-1","max-image-preview":"max-image-preview:large","max-video-preview":"max-video-preview:-1"},"canonical":"https:\/\/equitas.site\/tr\/yasal-bilgiler-ve-kullanim-kosullari\/","og_locale":"tr_TR","og_type":"article","og_title":"Yasal bilgiler ve kullan\u0131m ko\u015fullar\u0131 - Equitas","og_description":"1. Yay\u0131nc\u0131 bilgileri \u015eirket ad\u0131: Agir d\u00e9fendre contre le racisme et l&#8217;islamophobieAdres: 10 boulevard de l&#8217;Empereur, 1000 Brussels &#8211; BelgiumTelefon numaras\u0131: +32 2 315 11 10E-posta adresi: contact@equitas.siteYasal \u015fekli: ASBL (Association Sans But Lucratif)\u015eirket kay\u0131tnumaras\u0131: BE 0760.873.740 2. Ev Sahibi Hakk\u0131nda Bilgi Ev sahibinin ad\u0131: Contabo GmbHAdres: Aschauer Strasse 32a, 81549 M\u00fcnih, Almanya 3. Yay\u0131n [&hellip;]","og_url":"https:\/\/equitas.site\/tr\/yasal-bilgiler-ve-kullanim-kosullari\/","og_site_name":"Equitas","article_modified_time":"2024-09-15T22:34:25+00:00","twitter_card":"summary_large_image","twitter_misc":{"Tahmini okuma s\u00fcresi":"6 dakika"},"schema":{"@context":"https:\/\/schema.org","@graph":[{"@type":"WebPage","@id":"https:\/\/equitas.site\/tr\/yasal-bilgiler-ve-kullanim-kosullari\/","url":"https:\/\/equitas.site\/tr\/yasal-bilgiler-ve-kullanim-kosullari\/","name":"Yasal bilgiler ve kullan\u0131m ko\u015fullar\u0131 - Equitas","isPartOf":{"@id":"https:\/\/equitas.site\/#website"},"datePublished":"2024-07-17T10:09:52+00:00","dateModified":"2024-09-15T22:34:25+00:00","breadcrumb":{"@id":"https:\/\/equitas.site\/tr\/yasal-bilgiler-ve-kullanim-kosullari\/#breadcrumb"},"inLanguage":"tr","potentialAction":[{"@type":"ReadAction","target":["https:\/\/equitas.site\/tr\/yasal-bilgiler-ve-kullanim-kosullari\/"]}]},{"@type":"BreadcrumbList","@id":"https:\/\/equitas.site\/tr\/yasal-bilgiler-ve-kullanim-kosullari\/#breadcrumb","itemListElement":[{"@type":"ListItem","position":1,"name":"Accueil","item":"https:\/\/equitas.site\/da\/"},{"@type":"ListItem","position":2,"name":"Yasal bilgiler ve kullan\u0131m ko\u015fullar\u0131"}]},{"@type":"WebSite","@id":"https:\/\/equitas.site\/#website","url":"https:\/\/equitas.site\/","name":"Equitas","description":"Your shield against hate.","publisher":{"@id":"https:\/\/equitas.site\/#organization"},"potentialAction":[{"@type":"SearchAction","target":{"@type":"EntryPoint","urlTemplate":"https:\/\/equitas.site\/?s={search_term_string}"},"query-input":{"@type":"PropertyValueSpecification","valueRequired":true,"valueName":"search_term_string"}}],"inLanguage":"tr"},{"@type":"Organization","@id":"https:\/\/equitas.site\/#organization","name":"Equitas","url":"https:\/\/equitas.site\/","logo":{"@type":"ImageObject","inLanguage":"tr","@id":"https:\/\/equitas.site\/#\/schema\/logo\/image\/","url":"https:\/\/equitas.site\/wp-content\/uploads\/2024\/03\/Groupe-2.png","contentUrl":"https:\/\/equitas.site\/wp-content\/uploads\/2024\/03\/Groupe-2.png","width":188,"height":44,"caption":"Equitas"},"image":{"@id":"https:\/\/equitas.site\/#\/schema\/logo\/image\/"}}]}},"_links":{"self":[{"href":"https:\/\/equitas.site\/tr\/wp-json\/wp\/v2\/pages\/4497","targetHints":{"allow":["GET"]}}],"collection":[{"href":"https:\/\/equitas.site\/tr\/wp-json\/wp\/v2\/pages"}],"about":[{"href":"https:\/\/equitas.site\/tr\/wp-json\/wp\/v2\/types\/page"}],"author":[{"embeddable":true,"href":"https:\/\/equitas.site\/tr\/wp-json\/wp\/v2\/users\/1"}],"replies":[{"embeddable":true,"href":"https:\/\/equitas.site\/tr\/wp-json\/wp\/v2\/comments?post=4497"}],"version-history":[{"count":1,"href":"https:\/\/equitas.site\/tr\/wp-json\/wp\/v2\/pages\/4497\/revisions"}],"predecessor-version":[{"id":4498,"href":"https:\/\/equitas.site\/tr\/wp-json\/wp\/v2\/pages\/4497\/revisions\/4498"}],"wp:attachment":[{"href":"https:\/\/equitas.site\/tr\/wp-json\/wp\/v2\/media?parent=4497"}],"curies":[{"name":"wp","href":"https:\/\/api.w.org\/{rel}","templated":true}]}}